{"id":8828,"date":"2021-02-27T08:20:17","date_gmt":"2021-02-27T07:20:17","guid":{"rendered":"https:\/\/www.audecarbone.com\/boutique\/?post_type=product&#038;p=8828"},"modified":"2023-08-10T22:09:38","modified_gmt":"2023-08-10T20:09:38","slug":"mythomachie-serigraphie","status":"publish","type":"product","link":"https:\/\/www.audecarbone.com\/boutique\/produit\/mythomachie-serigraphie\/","title":{"rendered":"MythoMachie &#8211; s\u00e9rigraphie"},"content":{"rendered":"<p><span style=\"color: #000000;\"><strong>Titre :<\/strong><b> MythoMachie<\/b><\/span><\/p>\n<p><span style=\"color: #000000;\"><u>Pr\u00e9sentation :<\/u><\/span><\/p>\n<p><span style=\"color: #808080;\">Et les masses, ab\u00eaties par leur effet de foule, b\u00e9tail de secte<br \/>\nAdeptes gr\u00e9gaires des \u0153ill\u00e8res, observent coi la B\u00eate<br \/>\nQui refoule le m\u00e2le par le mal<br \/>\nSe s\u00e8vre de sa t\u00e2che servile<br \/>\nBrise les cha\u00eenes, casse des os.<\/span><\/p>\n<p><em><span style=\"color: #808080;\">Au c\u0153ur [br\u00fblant] d&rsquo;une s\u00e9rie de 8 dessins,<br \/>\n<\/span><\/em><em><span style=\"color: #808080;\">qui en accompagneront 8 autres extraits des mains du talentueux Brulex,<br \/>\npour un projet [\u00e0 para\u00eetre en 2021] ax\u00e9 autour des animaux et de leur exploitation.<\/span><\/em><\/p>\n<p><span style=\"color: #000000;\"><u>Infos techniques :<\/u><\/span><\/p>\n<p><span style=\"color: #808080;\">Affiche s\u00e9rigraphi\u00e9e 3 couleurs, 35x46cm,<\/span><br \/>\n<span style=\"color: #808080;\">sur papier Fedrigoni Freelife Vellum 260gr<\/span><br \/>\n<span style=\"color: #808080;\">4 versions couleur : vert : 9 ex. \/ bleu : 9 ex. \/ violet : 8 ex. \/ rouge : 10 ex.,<br \/>\nNum\u00e9rot\u00e9s et sign\u00e9s,<br \/>\n<\/span><span style=\"color: #808080;\">\u00e9dition EpOx et BoTOx, Atelier Metemphase, f\u00e9vrier 2021.<\/span><\/p>\n<p><span style=\"color: #999999;\">Silkscreen printed posters, 3 coulours, 35x46cm,<\/span><br \/>\n<span style=\"color: #999999;\">on Fedrigoni Freelife Vellum 260gr paper,<\/span><br \/>\n<span style=\"color: #999999;\">4 versions of colours : green x9 \/ blue x9 \/ <\/span><span style=\"color: #999999;\">purple x8 \/ red x10,<br \/>\nNumbered and signed,<\/span><br \/>\n<span style=\"color: #999999;\">EpOx et BoTOx edition, Metemphase workshop, February 2021.<\/span><\/p>\n","protected":false},"excerpt":{"rendered":"<p><strong>Affiche s\u00e9rigraphi\u00e9e 3 couleurs, 35x46cm,<\/strong><br \/>\nsur papier Fedrigoni Freelife Vellum 260gr<br \/>\n4 versions couleur<\/p>\n<p><em>\u00ab\u00a0Et les masses, ab\u00eaties par leur effet de foule, b\u00e9tail de secte<\/em><br \/>\n<em>Adeptes gr\u00e9gaires des \u0153ill\u00e8res, observent coi la B\u00eate<\/em><br \/>\n<em>Qui refoule le m\u00e2le par le mal<\/em><br \/>\n<em>Se s\u00e8vre de sa t\u00e2che servile<\/em><br \/>\n<em>Brise les cha\u00eenes, casse des os.\u00a0\u00bb<\/em><\/p>\n","protected":false},"featured_media":25901,"template":"","meta":[],"product_brand":[],"product_cat":[47,226],"product_tag":[48,38,151,224,22,23,24,39,40,41,115,28,42,43,30,33,34,44,223,188,50,121,225,35,83,116],"class_list":{"0":"post-8828","1":"product","2":"type-product","3":"status-publish","4":"has-post-thumbnail","6":"product_cat-affiches-posters","7":"product_cat-editions-editions","8":"product_tag-affiche","9":"product_tag-alternatif","10":"product_tag-animal","11":"product_tag-animalrights","12":"product_tag-art","13":"product_tag-artiste","14":"product_tag-artwork","15":"product_tag-audecarbone","16":"product_tag-autoedition","17":"product_tag-bizarre","18":"product_tag-darkart","19":"product_tag-dessin","20":"product_tag-estampe","21":"product_tag-etrange","22":"product_tag-graphisme","23":"product_tag-illustration","24":"product_tag-microedition","25":"product_tag-monstre","26":"product_tag-mythologie","27":"product_tag-ossements","28":"product_tag-poster","29":"product_tag-religion","30":"product_tag-secte","31":"product_tag-serigraphie","32":"product_tag-squelette","33":"product_tag-weirdart","34":"product_shipping_class-affiche-et-gravures-moyennes","36":"first","37":"outofstock","38":"purchasable","39":"product-type-variable"},"_links":{"self":[{"href":"https:\/\/www.audecarbone.com\/boutique\/wp-json\/wp\/v2\/product\/8828","targetHints":{"allow":["GET"]}}],"collection":[{"href":"https:\/\/www.audecarbone.com\/boutique\/wp-json\/wp\/v2\/product"}],"about":[{"href":"https:\/\/www.audecarbone.com\/boutique\/wp-json\/wp\/v2\/types\/product"}],"wp:featuredmedia":[{"embeddable":true,"href":"https:\/\/www.audecarbone.com\/boutique\/wp-json\/wp\/v2\/media\/25901"}],"wp:attachment":[{"href":"https:\/\/www.audecarbone.com\/boutique\/wp-json\/wp\/v2\/media?parent=8828"}],"wp:term":[{"taxonomy":"product_brand","embeddable":true,"href":"https:\/\/www.audecarbone.com\/boutique\/wp-json\/wp\/v2\/product_brand?post=8828"},{"taxonomy":"product_cat","embeddable":true,"href":"https:\/\/www.audecarbone.com\/boutique\/wp-json\/wp\/v2\/product_cat?post=8828"},{"taxonomy":"product_tag","embeddable":true,"href":"https:\/\/www.audecarbone.com\/boutique\/wp-json\/wp\/v2\/product_tag?post=8828"}],"curies":[{"name":"wp","href":"https:\/\/api.w.org\/{rel}","templated":true}]}}