{"id":4935,"date":"2020-08-15T18:23:34","date_gmt":"2020-08-15T16:23:34","guid":{"rendered":"https:\/\/www.audecarbone.com\/boutique\/?post_type=product&#038;p=4935"},"modified":"2023-08-12T19:22:11","modified_gmt":"2023-08-12T17:22:11","slug":"le-bain-serigraphie","status":"publish","type":"product","link":"https:\/\/www.audecarbone.com\/boutique\/produit\/le-bain-serigraphie\/","title":{"rendered":"Le Bain &#8211; s\u00e9rigraphie"},"content":{"rendered":"<p><span style=\"color: #000000;\"><strong>Titre :<\/strong><b> Le Bain<br \/>\n<\/b><\/span><\/p>\n<p><span style=\"color: #000000;\"><u>Pr\u00e9sentation :<\/u><\/span><\/p>\n<p><span style=\"color: #808080;\"><em>La version s\u00e9rigraphi\u00e9e en 2 couleurs et en 100 exemplaires du \u00ab\u00a0Bain\u00a0\u00bb a \u00e9t\u00e9 r\u00e9alis\u00e9e pour le projet \u00ab\u00a0\u00c0 l&rsquo;Arrache\u00a0\u00bb mis en \u0153uvre par Marc Brunier Mestas et l&rsquo;\u00c9cole d&rsquo;Arts Plastiques de Riom.<br \/>\n90 exemplaires ont \u00e9t\u00e9 destin\u00e9s aux coffrets \u00ab\u00a0\u00c0 l&rsquo;Arrache\u00a0\u00bb, 10 exemplaires sont disponibles au public.<\/em><\/span><\/p>\n<p><span style=\"color: #999999;\"><em>The silkscreen printed version in 2 colours and 100 copies of \u00ab\u00a0Le Bain\u00a0\u00bb has been made for the project \u00ab\u00a0\u00c0 l&rsquo;Arrache\u00a0\u00bb driven by Marc Brunier Mestas and the Fine Arts School of Riom.<br \/>\n90 copies were especially made for \u00c0 l&rsquo;Arrache boxes, 10 copies are available for sale.<br \/>\n<\/em><\/span><\/p>\n<p><span style=\"color: #000000;\"><u>Infos techniques :<\/u><\/span><\/p>\n<p><span style=\"color: #808080;\">Affiche s\u00e9rigraphi\u00e9e en 2 couleurs, 29,5&#215;29,5cm,<\/span><br \/>\n<span style=\"color: #808080;\">100 exemplaires sign\u00e9s et num\u00e9rot\u00e9s,<br \/>\nsur papier Canson Daler Rowney blanc 220gr,<br \/>\n<\/span><span style=\"color: #808080;\">imprim\u00e9 \u00e0 l&rsquo;Atelier Metemphase, ao\u00fbt 2020.<\/span><\/p>\n<p><span style=\"color: #999999;\">Silkscreen printed poster, 2 colours, 29,5&#215;29,5cm,<\/span><br \/>\n<span style=\"color: #999999;\">100 copies, numbered and signed,<br \/>\non white Canson Daler Rowney 220gr paper,<\/span><br \/>\n<span style=\"color: #999999;\">printed at Metemphase workshop, August 2020.<\/span><\/p>\n","protected":false},"excerpt":{"rendered":"<p><em>La version s\u00e9rigraphi\u00e9e en 2 couleurs et en 100 exemplaires du \u00ab\u00a0Bain\u00a0\u00bb a \u00e9t\u00e9 r\u00e9alis\u00e9e pour le projet \u00ab\u00a0\u00c0 l&rsquo;Arrache\u00a0\u00bb mis en \u0153uvre par Marc Brunier Mestas et l&rsquo;\u00c9cole d&rsquo;Arts Plastiques de Riom.<br \/>\n90 exemplaires ont \u00e9t\u00e9 destin\u00e9s aux coffrets \u00ab\u00a0\u00c0 l&rsquo;Arrache\u00a0\u00bb, 10 exemplaires sont disponibles au public.<\/em><\/p>\n","protected":false},"featured_media":25995,"template":"","meta":[],"product_brand":[],"product_cat":[47,226],"product_tag":[48,38,108,22,23,24,39,40,107,28,42,43,30,33,34,109,50,72,35],"class_list":{"0":"post-4935","1":"product","2":"type-product","3":"status-publish","4":"has-post-thumbnail","6":"product_cat-affiches-posters","7":"product_cat-editions-editions","8":"product_tag-affiche","9":"product_tag-alternatif","10":"product_tag-anatomie","11":"product_tag-art","12":"product_tag-artiste","13":"product_tag-artwork","14":"product_tag-audecarbone","15":"product_tag-autoedition","16":"product_tag-corps","17":"product_tag-dessin","18":"product_tag-estampe","19":"product_tag-etrange","20":"product_tag-graphisme","21":"product_tag-illustration","22":"product_tag-microedition","23":"product_tag-peinture","24":"product_tag-poster","25":"product_tag-quadrichromie","26":"product_tag-serigraphie","27":"product_shipping_class-affiche-et-gravures-moyennes","29":"first","30":"instock","31":"purchasable","32":"product-type-simple"},"_links":{"self":[{"href":"https:\/\/www.audecarbone.com\/boutique\/wp-json\/wp\/v2\/product\/4935","targetHints":{"allow":["GET"]}}],"collection":[{"href":"https:\/\/www.audecarbone.com\/boutique\/wp-json\/wp\/v2\/product"}],"about":[{"href":"https:\/\/www.audecarbone.com\/boutique\/wp-json\/wp\/v2\/types\/product"}],"wp:featuredmedia":[{"embeddable":true,"href":"https:\/\/www.audecarbone.com\/boutique\/wp-json\/wp\/v2\/media\/25995"}],"wp:attachment":[{"href":"https:\/\/www.audecarbone.com\/boutique\/wp-json\/wp\/v2\/media?parent=4935"}],"wp:term":[{"taxonomy":"product_brand","embeddable":true,"href":"https:\/\/www.audecarbone.com\/boutique\/wp-json\/wp\/v2\/product_brand?post=4935"},{"taxonomy":"product_cat","embeddable":true,"href":"https:\/\/www.audecarbone.com\/boutique\/wp-json\/wp\/v2\/product_cat?post=4935"},{"taxonomy":"product_tag","embeddable":true,"href":"https:\/\/www.audecarbone.com\/boutique\/wp-json\/wp\/v2\/product_tag?post=4935"}],"curies":[{"name":"wp","href":"https:\/\/api.w.org\/{rel}","templated":true}]}}