{"id":364,"date":"2019-05-07T12:57:05","date_gmt":"2019-05-07T10:57:05","guid":{"rendered":"https:\/\/www.audecarbone.com\/boutique\/produit\/import-placeholder-for-3363\/"},"modified":"2024-05-08T15:57:30","modified_gmt":"2024-05-08T13:57:30","slug":"alimentation-de-nuit-2","status":"publish","type":"product","link":"https:\/\/www.audecarbone.com\/boutique\/produit\/alimentation-de-nuit-2\/","title":{"rendered":"Alimentation De Nuit &#8211; s\u00e9rigraphie"},"content":{"rendered":"<p><span style=\"color: #000000;\"><strong>Titre :<\/strong><b> Alimentation De Nuit<\/b><\/span><\/p>\n<p><span style=\"color: #000000;\"><u>Pr\u00e9sentation :<\/u><\/span><\/p>\n<p><span style=\"color: #808080;\"><em>La nuit sortent les monstres.<\/em><\/span><br \/>\n<span style=\"color: #808080;\"><em>Les ombres de ces autres que l&rsquo;on ne reconna\u00eet plus<\/em><\/span><br \/>\n<span style=\"color: #808080;\"><em>se confondent aux angoisses profondes.<\/em><\/span><br \/>\n<span style=\"color: #808080;\"><em>Les peurs prennent forme, la folie prend vie.<\/em><\/span><\/p>\n<p><span style=\"color: #999999;\"><em>At night emerge the monsters.<\/em><\/span><br \/>\n<span style=\"color: #999999;\"><em>The shadows of those others we no more recognize<\/em><\/span><br \/>\n<span style=\"color: #999999;\"><em>are confused with deep anxieties.<\/em><\/span><br \/>\n<span style=\"color: #999999;\"><em>Fears take shape, madness comes to life.<\/em><\/span><\/p>\n<p><span style=\"color: #000000;\"><u>Infos techniques :<\/u><\/span><\/p>\n<p><span style=\"color: #808080;\">Affiche s\u00e9rigraphi\u00e9e 3 couleurs, 50x70cm,<\/span><br \/>\n<span style=\"color: #808080;\">sur papier Fedrigoni Freelife Vellum 260gr<\/span><br \/>\n<span style=\"color: #808080;\">version jaune : 22 exemplaires sign\u00e9s et num\u00e9rot\u00e9s,<\/span><br \/>\n<span style=\"color: #808080;\">version rose : 15 exemplaires sign\u00e9s et num\u00e9rot\u00e9s,<\/span><br \/>\n<span style=\"color: #808080;\">\u00e9dition EpOx et BoTOx, Atelier Metemphase, mai 2019.<\/span><\/p>\n<p><span style=\"color: #999999;\">Silkscreen printed posters, 3 coulours, 50x70cm,<\/span><br \/>\n<span style=\"color: #999999;\">on Fedrigoni Freelife Vellum 260gr paper,<\/span><br \/>\n<span style=\"color: #999999;\">yellow version : 22 copies, numbered and signed,<\/span><br \/>\n<span style=\"color: #999999;\">pink version : 15 copies, numbered and signed,<\/span><br \/>\n<span style=\"color: #999999;\">EpOx et BoTOx edition, Metemphase workshop, May 2019.<\/span><\/p>\n","protected":false},"excerpt":{"rendered":"<p><em>La nuit sortent les monstres.<\/em><br \/>\n<em>Les ombres de ces autres que l&rsquo;on ne reconna\u00eet plus<\/em><br \/>\n<em>se confondent aux angoisses profondes.<\/em><br \/>\n<em>Les peurs prennent forme, la folie prend vie.<\/em><\/p>\n","protected":false},"featured_media":26438,"template":"","meta":[],"product_brand":[],"product_cat":[47,226],"product_tag":[48,38,22,23,24,39,40,41,28,42,43,30,33,34,44,50,35],"class_list":{"0":"post-364","1":"product","2":"type-product","3":"status-publish","4":"has-post-thumbnail","6":"product_cat-affiches-posters","7":"product_cat-editions-editions","8":"product_tag-affiche","9":"product_tag-alternatif","10":"product_tag-art","11":"product_tag-artiste","12":"product_tag-artwork","13":"product_tag-audecarbone","14":"product_tag-autoedition","15":"product_tag-bizarre","16":"product_tag-dessin","17":"product_tag-estampe","18":"product_tag-etrange","19":"product_tag-graphisme","20":"product_tag-illustration","21":"product_tag-microedition","22":"product_tag-monstre","23":"product_tag-poster","24":"product_tag-serigraphie","25":"product_shipping_class-affiches","27":"first","28":"outofstock","29":"purchasable","30":"product-type-variable"},"_links":{"self":[{"href":"https:\/\/www.audecarbone.com\/boutique\/wp-json\/wp\/v2\/product\/364","targetHints":{"allow":["GET"]}}],"collection":[{"href":"https:\/\/www.audecarbone.com\/boutique\/wp-json\/wp\/v2\/product"}],"about":[{"href":"https:\/\/www.audecarbone.com\/boutique\/wp-json\/wp\/v2\/types\/product"}],"wp:featuredmedia":[{"embeddable":true,"href":"https:\/\/www.audecarbone.com\/boutique\/wp-json\/wp\/v2\/media\/26438"}],"wp:attachment":[{"href":"https:\/\/www.audecarbone.com\/boutique\/wp-json\/wp\/v2\/media?parent=364"}],"wp:term":[{"taxonomy":"product_brand","embeddable":true,"href":"https:\/\/www.audecarbone.com\/boutique\/wp-json\/wp\/v2\/product_brand?post=364"},{"taxonomy":"product_cat","embeddable":true,"href":"https:\/\/www.audecarbone.com\/boutique\/wp-json\/wp\/v2\/product_cat?post=364"},{"taxonomy":"product_tag","embeddable":true,"href":"https:\/\/www.audecarbone.com\/boutique\/wp-json\/wp\/v2\/product_tag?post=364"}],"curies":[{"name":"wp","href":"https:\/\/api.w.org\/{rel}","templated":true}]}}