{"id":3634,"date":"2020-08-20T18:00:03","date_gmt":"2020-08-20T16:00:03","guid":{"rendered":"https:\/\/www.audecarbone.com\/boutique\/?post_type=product&#038;p=3634"},"modified":"2022-12-23T18:33:31","modified_gmt":"2022-12-23T17:33:31","slug":"marianne-linogravure","status":"publish","type":"product","link":"https:\/\/www.audecarbone.com\/boutique\/produit\/marianne-linogravure\/","title":{"rendered":"Marianne &#8211; linogravure"},"content":{"rendered":"<p><strong>Titre :<\/strong> Marianne<em><br \/>\n<\/em><strong>Format :<\/strong> 12x16cm \/ papier Arches blanc 250gr<br \/>\n<strong>Technique :<\/strong> Linogravure &#8211; 15 exemplaires num\u00e9rot\u00e9s et sign\u00e9s &#8211; 2020<\/p>\n","protected":false},"excerpt":{"rendered":"<p>Titre : Marianne Format : 12x16cm \/ papier Arches blanc 250gr Technique : Linogravure &#8211; 15 exemplaires num\u00e9rot\u00e9s et sign\u00e9s &#8211; 2020<\/p>\n","protected":false},"featured_media":22529,"template":"","meta":[],"product_brand":[],"product_cat":[226,137],"product_tag":[108,22,23,24,39,134,115,43,30,123,33,138,135,136,77,116],"class_list":{"0":"post-3634","1":"product","2":"type-product","3":"status-publish","4":"has-post-thumbnail","6":"product_cat-editions-editions","7":"product_cat-linogravures-linocuts","8":"product_tag-anatomie","9":"product_tag-art","10":"product_tag-artiste","11":"product_tag-artwork","12":"product_tag-audecarbone","13":"product_tag-bodymod","14":"product_tag-darkart","15":"product_tag-etrange","16":"product_tag-graphisme","17":"product_tag-humour","18":"product_tag-illustration","19":"product_tag-linogravure","20":"product_tag-piercing","21":"product_tag-politic","22":"product_tag-sexe","23":"product_tag-weirdart","24":"product_shipping_class-petites-affiches-gravures","26":"first","27":"outofstock","28":"shipping-taxable","29":"purchasable","30":"product-type-simple"},"_links":{"self":[{"href":"https:\/\/www.audecarbone.com\/boutique\/wp-json\/wp\/v2\/product\/3634","targetHints":{"allow":["GET"]}}],"collection":[{"href":"https:\/\/www.audecarbone.com\/boutique\/wp-json\/wp\/v2\/product"}],"about":[{"href":"https:\/\/www.audecarbone.com\/boutique\/wp-json\/wp\/v2\/types\/product"}],"wp:featuredmedia":[{"embeddable":true,"href":"https:\/\/www.audecarbone.com\/boutique\/wp-json\/wp\/v2\/media\/22529"}],"wp:attachment":[{"href":"https:\/\/www.audecarbone.com\/boutique\/wp-json\/wp\/v2\/media?parent=3634"}],"wp:term":[{"taxonomy":"product_brand","embeddable":true,"href":"https:\/\/www.audecarbone.com\/boutique\/wp-json\/wp\/v2\/product_brand?post=3634"},{"taxonomy":"product_cat","embeddable":true,"href":"https:\/\/www.audecarbone.com\/boutique\/wp-json\/wp\/v2\/product_cat?post=3634"},{"taxonomy":"product_tag","embeddable":true,"href":"https:\/\/www.audecarbone.com\/boutique\/wp-json\/wp\/v2\/product_tag?post=3634"}],"curies":[{"name":"wp","href":"https:\/\/api.w.org\/{rel}","templated":true}]}}