{"id":362,"date":"2019-01-07T12:57:05","date_gmt":"2019-01-07T11:57:05","guid":{"rendered":"https:\/\/www.audecarbone.com\/boutique\/produit\/import-placeholder-for-3292\/"},"modified":"2025-05-17T15:54:53","modified_gmt":"2025-05-17T13:54:53","slug":"frenesia","status":"publish","type":"product","link":"https:\/\/www.audecarbone.com\/boutique\/produit\/frenesia\/","title":{"rendered":"Frenesia &#8211; s\u00e9rigraphie"},"content":{"rendered":"<p><span style=\"color: #000000;\"><strong>Titre :<\/strong><b> Frenesia<\/b><\/span><\/p>\n<p><span style=\"color: #000000;\"><u>Pr\u00e9sentation :<\/u><\/span><\/p>\n<p><span style=\"color: #808080;\"><em>Couleurs acides, ambiance nocturne, danse fr\u00e9n\u00e9tique.<\/em><\/span><br \/>\n<span style=\"color: #808080;\"><em>L\u2019\u00e9ternit\u00e9 se fige dans une vision, m\u00ealant simultan\u00e9ment la mort et la r\u00e9surrection. <\/em><\/span><br \/>\n<span style=\"color: #808080;\"><em>Les \u00eatres connect\u00e9s dans une transe primitive \u00e0 travers les \u00e2ges dansent, vibrent, deviennent fr\u00e9quences.<\/em><\/span><\/p>\n<p><span style=\"color: #999999;\"><em>Acid colours, night ambiance, frenetic dance.<\/em><\/span><br \/>\n<span style=\"color: #999999;\"><em>The eternity freezes in a vision, simultaneously mixing death and resurrection.<\/em><\/span><br \/>\n<span style=\"color: #999999;\"><em>Connected beings, in a primitive dance through ages, dance, vibrate, become frequences.<\/em><\/span><\/p>\n<p><span style=\"color: #000000;\"><u>Infos techniques :<\/u><\/span><\/p>\n<p><span style=\"color: #808080;\">Affiche s\u00e9rigraphi\u00e9e 4 couleurs, 42&#215;59,4cm,<\/span><br \/>\n<span style=\"color: #808080;\">sur papier Fedrigoni Freelife Vellum 260gr<\/span><br \/>\n<span style=\"color: #808080;\">50 exemplaires sign\u00e9s et num\u00e9rot\u00e9s,<\/span><br \/>\n<span style=\"color: #808080;\">\u00e9dition EpOx et BoTOx, Atelier Metemphase, janvier 2019.<\/span><\/p>\n<p><span style=\"color: #999999;\">Silkscreen printed posters, 4 colours, 42&#215;59,4cm,<\/span><br \/>\n<span style=\"color: #999999;\">on Fedrigoni Freelife Vellum 260gr paper,<\/span><br \/>\n<span style=\"color: #999999;\">50 copies, numbered and signed<\/span><br \/>\n<span style=\"color: #999999;\">EpOx et BoTOx edition, Metemphase workshop, January 2019.<\/span><\/p>\n","protected":false},"excerpt":{"rendered":"<p><em>Couleurs acides, ambiance nocturne, danse fr\u00e9n\u00e9tique.<\/em><br \/>\n<em>L\u2019\u00e9ternit\u00e9 se fige dans une vision, m\u00ealant simultan\u00e9ment la mort et la r\u00e9surrection. <\/em><br \/>\n<em>Les \u00eatres connect\u00e9s dans une transe primitive \u00e0 travers les \u00e2ges dansent, vibrent, deviennent fr\u00e9quences.<\/em><\/p>\n","protected":false},"featured_media":26040,"template":"","meta":[],"product_brand":[],"product_cat":[47,226],"product_tag":[48,38,22,23,24,39,40,80,28,42,43,30,33,34,81,50,82,35,83],"class_list":{"0":"post-362","1":"product","2":"type-product","3":"status-publish","4":"has-post-thumbnail","6":"product_cat-affiches-posters","7":"product_cat-editions-editions","8":"product_tag-affiche","9":"product_tag-alternatif","10":"product_tag-art","11":"product_tag-artiste","12":"product_tag-artwork","13":"product_tag-audecarbone","14":"product_tag-autoedition","15":"product_tag-danse","16":"product_tag-dessin","17":"product_tag-estampe","18":"product_tag-etrange","19":"product_tag-graphisme","20":"product_tag-illustration","21":"product_tag-microedition","22":"product_tag-mortvivant","23":"product_tag-poster","24":"product_tag-robot","25":"product_tag-serigraphie","26":"product_tag-squelette","27":"product_shipping_class-affiches","29":"first","30":"instock","31":"purchasable","32":"product-type-simple"},"_links":{"self":[{"href":"https:\/\/www.audecarbone.com\/boutique\/wp-json\/wp\/v2\/product\/362","targetHints":{"allow":["GET"]}}],"collection":[{"href":"https:\/\/www.audecarbone.com\/boutique\/wp-json\/wp\/v2\/product"}],"about":[{"href":"https:\/\/www.audecarbone.com\/boutique\/wp-json\/wp\/v2\/types\/product"}],"wp:featuredmedia":[{"embeddable":true,"href":"https:\/\/www.audecarbone.com\/boutique\/wp-json\/wp\/v2\/media\/26040"}],"wp:attachment":[{"href":"https:\/\/www.audecarbone.com\/boutique\/wp-json\/wp\/v2\/media?parent=362"}],"wp:term":[{"taxonomy":"product_brand","embeddable":true,"href":"https:\/\/www.audecarbone.com\/boutique\/wp-json\/wp\/v2\/product_brand?post=362"},{"taxonomy":"product_cat","embeddable":true,"href":"https:\/\/www.audecarbone.com\/boutique\/wp-json\/wp\/v2\/product_cat?post=362"},{"taxonomy":"product_tag","embeddable":true,"href":"https:\/\/www.audecarbone.com\/boutique\/wp-json\/wp\/v2\/product_tag?post=362"}],"curies":[{"name":"wp","href":"https:\/\/api.w.org\/{rel}","templated":true}]}}