{"id":26809,"date":"2025-12-10T07:36:00","date_gmt":"2025-12-10T06:36:00","guid":{"rendered":"https:\/\/www.audecarbone.com\/boutique\/?post_type=product&#038;p=26809"},"modified":"2025-12-14T17:18:06","modified_gmt":"2025-12-14T16:18:06","slug":"la-perche-serigraphie","status":"publish","type":"product","link":"https:\/\/www.audecarbone.com\/boutique\/produit\/la-perche-serigraphie\/","title":{"rendered":"La Perche &#8211; s\u00e9rigraphie"},"content":{"rendered":"<p><span style=\"color: #000000;\"><strong>Titre :<\/strong><b> La Perche<\/b><\/span><\/p>\n<p><span style=\"color: #000000;\"><u>Pr\u00e9sentation :<\/u><\/span><\/p>\n<p><em>La grotte perd ses eaux, perch\u00e9e haut C\u00e9phal\u00e9e scrute<\/em><br \/>\n<em>L&rsquo;\u00e9tendue infinie devant sa naissance \u00e0 rebours.<\/em><br \/>\n<em>Dos au mur elle culmine l&rsquo;ultime d\u00e9ferlante.<\/em><\/p>\n<p><em><span style=\"color: #999999;\">The cave loses its waters, perched high Cephal\u00e9e scrutinizes<br \/>\nThe infinite expanse before her birth in reverse.<br \/>\nWith her back to the wall, she culminates the final wave.\u00a0<\/span><\/em><\/p>\n<p><span style=\"color: #000000;\"><u>Infos techniques :<\/u><\/span><\/p>\n<p><span style=\"color: #808080;\">Affiche s\u00e9rigraphi\u00e9e 2 couleurs <strong>+ PHOSPHO<\/strong>, 70x50cm,<\/span><br \/>\n<span style=\"color: #808080;\">sur papier Fedrigoni Freelife Vellum 260gr<\/span><br \/>\n<span style=\"color: #808080;\">15 exemplaires sign\u00e9s et num\u00e9rot\u00e9s,<\/span><br \/>\n<span style=\"color: #808080;\">impressions Atelier Metemphase, octobre 2025.<\/span><\/p>\n<p><span style=\"color: #999999;\">Silkscreen printed posters, 2 colours <strong>+ PHOSPHO<\/strong>, 70x50cm,<\/span><br \/>\n<span style=\"color: #999999;\">on Fedrigoni Freelife Vellum 260gr paper,<\/span><br \/>\n<span style=\"color: #999999;\">15<\/span><span style=\"color: #999999;\">\u00a0copies, numbered and signed,<\/span><br \/>\n<span style=\"color: #999999;\">printings at Metemphase workshop, October 2025.<\/span><\/p>\n","protected":false},"excerpt":{"rendered":"<p><em>\u00ab\u00a0La grotte perd ses eaux, perch\u00e9e haut C\u00e9phal\u00e9e scrute<\/em><br \/>\n<em>L&rsquo;\u00e9tendue infinie devant sa naissance \u00e0 rebours.<\/em><br \/>\n<em>Dos au mur elle culmine l&rsquo;ultime d\u00e9ferlante.<\/em>\u00a0\u00bb<br \/>\n&#8212;<br \/>\nS\u00e9rigraphie PHOSPHORESCENTE &#8211; 15 exemplaires<\/p>\n","protected":false},"featured_media":26810,"template":"","meta":[],"product_brand":[],"product_cat":[47,226],"product_tag":[48,38,22,23,24,39,40,41,115,28,42,43,30,304,33,299,34,44,301,166,50,94,300,35,118,303,116],"class_list":{"0":"post-26809","1":"product","2":"type-product","3":"status-publish","4":"has-post-thumbnail","6":"product_cat-affiches-posters","7":"product_cat-editions-editions","8":"product_tag-affiche","9":"product_tag-alternatif","10":"product_tag-art","11":"product_tag-artiste","12":"product_tag-artwork","13":"product_tag-audecarbone","14":"product_tag-autoedition","15":"product_tag-bizarre","16":"product_tag-darkart","17":"product_tag-dessin","18":"product_tag-estampe","19":"product_tag-etrange","20":"product_tag-graphisme","21":"product_tag-hallucination","22":"product_tag-illustration","23":"product_tag-immersion","24":"product_tag-microedition","25":"product_tag-monstre","26":"product_tag-photographie","27":"product_tag-pieuvre","28":"product_tag-poster","29":"product_tag-psychedelique","30":"product_tag-sculpture","31":"product_tag-serigraphie","32":"product_tag-sixyeux","33":"product_tag-vision","34":"product_tag-weirdart","35":"product_shipping_class-affiches","37":"first","38":"instock","39":"purchasable","40":"product-type-simple"},"_links":{"self":[{"href":"https:\/\/www.audecarbone.com\/boutique\/wp-json\/wp\/v2\/product\/26809","targetHints":{"allow":["GET"]}}],"collection":[{"href":"https:\/\/www.audecarbone.com\/boutique\/wp-json\/wp\/v2\/product"}],"about":[{"href":"https:\/\/www.audecarbone.com\/boutique\/wp-json\/wp\/v2\/types\/product"}],"wp:featuredmedia":[{"embeddable":true,"href":"https:\/\/www.audecarbone.com\/boutique\/wp-json\/wp\/v2\/media\/26810"}],"wp:attachment":[{"href":"https:\/\/www.audecarbone.com\/boutique\/wp-json\/wp\/v2\/media?parent=26809"}],"wp:term":[{"taxonomy":"product_brand","embeddable":true,"href":"https:\/\/www.audecarbone.com\/boutique\/wp-json\/wp\/v2\/product_brand?post=26809"},{"taxonomy":"product_cat","embeddable":true,"href":"https:\/\/www.audecarbone.com\/boutique\/wp-json\/wp\/v2\/product_cat?post=26809"},{"taxonomy":"product_tag","embeddable":true,"href":"https:\/\/www.audecarbone.com\/boutique\/wp-json\/wp\/v2\/product_tag?post=26809"}],"curies":[{"name":"wp","href":"https:\/\/api.w.org\/{rel}","templated":true}]}}