{"id":26793,"date":"2025-10-20T17:00:17","date_gmt":"2025-10-20T15:00:17","guid":{"rendered":"https:\/\/www.audecarbone.com\/boutique\/?post_type=product&#038;p=26793"},"modified":"2025-12-14T17:18:06","modified_gmt":"2025-12-14T16:18:06","slug":"liv-lessim-serigraphie","status":"publish","type":"product","link":"https:\/\/www.audecarbone.com\/boutique\/produit\/liv-lessim-serigraphie\/","title":{"rendered":"LiV LessiM &#8211; s\u00e9rigraphie (poster)"},"content":{"rendered":"<p><span style=\"color: #000000;\"><strong>Titre :<\/strong><b> LiV LessiM<\/b><\/span><\/p>\n<p><span style=\"color: #000000;\"><u>Pr\u00e9sentation :<\/u><\/span><\/p>\n<p><em>\u201cCi-g\u00eet une collection de onze poisons.\u00a0<\/em><br \/>\n<em>Dilu\u00e9e dans ces bouillons, une once de drame\u00a0<\/em><br \/>\n<em>Qui conf\u00e8re \u00e0 la fiction l&rsquo;acm\u00e9 de son charme.\u00a0<\/em><br \/>\n<em>Onze tribulations, et leur conjuration.\u201d<\/em><\/p>\n<p><em><span style=\"color: #999999;\">\u00ab\u00a0Here lies a collection of eleven poisons.<\/span><\/em><br \/>\n<em><span style=\"color: #999999;\">Diluted in these broths, an ounce of drama<\/span><\/em><br \/>\n<em><span style=\"color: #999999;\">That gives fiction the height of its charm.<\/span><\/em><br \/>\n<em><span style=\"color: #999999;\">Eleven tribulations, and their conjuration.\u00a0\u00bb<\/span><\/em><\/p>\n<p><span style=\"color: #000000;\"><u>Infos techniques :<\/u><\/span><\/p>\n<p><span style=\"color: #808080;\">Affiche s\u00e9rigraphi\u00e9e<strong> 4 couleurs<\/strong>, 50x70cm,<br \/>\nsur papier indigo 250gr<br \/>\n31 exemplaires estampill\u00e9s, sign\u00e9s et num\u00e9rot\u00e9s,<br \/>\nimprim\u00e9 \u00e0 l&rsquo;Atelier Metemphase, octobre 2025.<\/span><\/p>\n<p><span style=\"color: #999999;\">Silkscreen printed posters, <strong>4colours<\/strong>, 50x70cm,<br \/>\non indigo paper 300gr,<br \/>\n31 copies, stamped numbered and signed,<br \/>\nprinted at Metemphase workshop, October 2025.<\/span><\/p>\n","protected":false},"excerpt":{"rendered":"<p><em>\u201cCi-g\u00eet une collection de onze poisons.\u00a0<\/em><br \/>\n<em>Dilu\u00e9e dans ces bouillons, une once de drame\u00a0<\/em><br \/>\n<em>Qui conf\u00e8re \u00e0 la fiction l&rsquo;acm\u00e9 de son charme.\u00a0<\/em><br \/>\n<em>Onze tribulations, et leur conjuration.\u201d<\/em><\/p>\n","protected":false},"featured_media":26803,"template":"","meta":[],"product_brand":[],"product_cat":[47,226],"product_tag":[48,38,22,23,24,39,40,41,415,49,414,115,28,42,43,30,306,33,34,44,410,267,50,35,116],"class_list":{"0":"post-26793","1":"product","2":"type-product","3":"status-publish","4":"has-post-thumbnail","6":"product_cat-affiches-posters","7":"product_cat-editions-editions","8":"product_tag-affiche","9":"product_tag-alternatif","10":"product_tag-art","11":"product_tag-artiste","12":"product_tag-artwork","13":"product_tag-audecarbone","14":"product_tag-autoedition","15":"product_tag-bizarre","16":"product_tag-bleu","17":"product_tag-cafard","18":"product_tag-cockroach","19":"product_tag-darkart","20":"product_tag-dessin","21":"product_tag-estampe","22":"product_tag-etrange","23":"product_tag-graphisme","24":"product_tag-horror","25":"product_tag-illustration","26":"product_tag-microedition","27":"product_tag-monstre","28":"product_tag-music","29":"product_tag-pattern","30":"product_tag-poster","31":"product_tag-serigraphie","32":"product_tag-weirdart","33":"product_shipping_class-affiches","35":"first","36":"instock","37":"purchasable","38":"product-type-simple"},"_links":{"self":[{"href":"https:\/\/www.audecarbone.com\/boutique\/wp-json\/wp\/v2\/product\/26793","targetHints":{"allow":["GET"]}}],"collection":[{"href":"https:\/\/www.audecarbone.com\/boutique\/wp-json\/wp\/v2\/product"}],"about":[{"href":"https:\/\/www.audecarbone.com\/boutique\/wp-json\/wp\/v2\/types\/product"}],"wp:featuredmedia":[{"embeddable":true,"href":"https:\/\/www.audecarbone.com\/boutique\/wp-json\/wp\/v2\/media\/26803"}],"wp:attachment":[{"href":"https:\/\/www.audecarbone.com\/boutique\/wp-json\/wp\/v2\/media?parent=26793"}],"wp:term":[{"taxonomy":"product_brand","embeddable":true,"href":"https:\/\/www.audecarbone.com\/boutique\/wp-json\/wp\/v2\/product_brand?post=26793"},{"taxonomy":"product_cat","embeddable":true,"href":"https:\/\/www.audecarbone.com\/boutique\/wp-json\/wp\/v2\/product_cat?post=26793"},{"taxonomy":"product_tag","embeddable":true,"href":"https:\/\/www.audecarbone.com\/boutique\/wp-json\/wp\/v2\/product_tag?post=26793"}],"curies":[{"name":"wp","href":"https:\/\/api.w.org\/{rel}","templated":true}]}}