{"id":26685,"date":"2024-12-07T18:13:50","date_gmt":"2024-12-07T17:13:50","guid":{"rendered":"https:\/\/www.audecarbone.com\/boutique\/?post_type=product&#038;p=26685"},"modified":"2025-02-04T16:17:52","modified_gmt":"2025-02-04T15:17:52","slug":"plethore-livre-serigraphie","status":"publish","type":"product","link":"https:\/\/www.audecarbone.com\/boutique\/produit\/plethore-livre-serigraphie\/","title":{"rendered":"PL\u00c9THORE &#8211; Livre s\u00e9rigraphi\u00e9"},"content":{"rendered":"<p><span style=\"color: #000000;\"><strong>Titre :<\/strong><b> Pl\u00e9thore<br \/>\n<strong>Auteur :<\/strong> Aude Carbone<br \/>\n<\/b><\/span><\/p>\n<p><span style=\"color: #000000;\"><u>Pr\u00e9sentation :<\/u><\/span><i><br \/>\n<\/i><\/p>\n<p><em>Miscellan\u00e9es en d\u00e9sordre, et r\u00e9trospective partiale et partielle d\u2019une d\u00e9cennie \u00e0 dessiner.\u00a0<\/em><br \/>\n<em>\u00c0 dessiner et d\u00e9gorger les trop pleins, les trop forts, les trop vifs\u2026 Mais ce n\u2019est jamais assez.<\/em><br \/>\n<em>La surabondance des yeux ne fait na\u00eetre que le mirage d\u2019une hypervision, livrant en fait une vue kal\u00e9idoscopique ivre, de r\u00e9alit\u00e9s morcel\u00e9es, d\u2019\u00e9motions retranch\u00e9es.<\/em><br \/>\n<em>Il y en aura donc encore ! dans cette qu\u00eate infinie \u00e0 d\u00e9peindre les horizons.<\/em><\/p>\n<p><span style=\"color: #999999;\"><em>A messy miscellany and a partial and biased retrospective of a decade of drawing.<br \/>\nDrawing and disgorging the too full, the too strong, the too vivid&#8230; But it&rsquo;s never enough.<br \/>\nThe overabundance of eyes gives rise only to the mirage of hypervision, delivering in fact a drunken kaleidoscopic view of fragmented realities and entrenched emotions.<br \/>\nSo there&rsquo;s more to come! in this infinite quest to depict horizons.<\/em><\/span><\/p>\n<p><span style=\"color: #000000;\"><u>Infos techniques :<\/u><\/span><\/p>\n<p><span style=\"color: #808080;\">Livre 24 pages, 22x29cm, reliure cousue,<br \/>\nenti\u00e8rement s\u00e9rigraphi\u00e9 sur papier ~250gr,<br \/>\nBichro\/trichromie<br \/>\n99 exemplaires num\u00e9rot\u00e9s et sign\u00e9s,<br \/>\n\u00e9dition Bongo\u00fbt &#8211; Berlin, novembre 2024.<\/span><\/p>\n<p><span style=\"color: #999999;\">Book 24 pages, 22x29cm, sewed binding,<br \/>\nentirely silkscreen printed on ~250gr paper,<br \/>\nBichro\/trichromy,<br \/>\n99 numbered and signed copies,<br \/>\nBongo\u00fbt edition &#8211; Berlin, November 2024.<br \/>\n<\/span><\/p>\n","protected":false},"excerpt":{"rendered":"<p><em>Miscellan\u00e9es en d\u00e9sordre, et r\u00e9trospective partiale et partielle d\u2019une d\u00e9cennie \u00e0 dessiner.<br \/>\n\u00c0 dessiner et d\u00e9gorger les trop pleins, les trop forts, les trop vifs\u2026 Mais ce n\u2019est jamais assez.<br \/>\nLa surabondance des yeux ne fait na\u00eetre que le mirage d\u2019une hypervision, livrant en fait une vue kal\u00e9idoscopique ivre, de r\u00e9alit\u00e9s morcel\u00e9es, d\u2019\u00e9motions retranch\u00e9es.<br \/>\nIl y en aura donc encore ! dans cette qu\u00eate infinie \u00e0 d\u00e9peindre les horizons.<br \/>\n<\/em><\/p>\n","protected":false},"featured_media":26719,"template":"","meta":[],"product_brand":[],"product_cat":[226,19],"product_tag":[38,393,246,22,23,24,39,41,394,28,249,146,42,43,30,33,34,392,44,121,35,250],"class_list":{"0":"post-26685","1":"product","2":"type-product","3":"status-publish","4":"has-post-thumbnail","6":"product_cat-editions-editions","7":"product_cat-livres-books","8":"product_tag-alternatif","9":"product_tag-anthologie","10":"product_tag-antispecisme","11":"product_tag-art","12":"product_tag-artiste","13":"product_tag-artwork","14":"product_tag-audecarbone","15":"product_tag-bizarre","16":"product_tag-compilation","17":"product_tag-dessin","18":"product_tag-erotic","19":"product_tag-esoterisme","20":"product_tag-estampe","21":"product_tag-etrange","22":"product_tag-graphisme","23":"product_tag-illustration","24":"product_tag-microedition","25":"product_tag-miscellanees","26":"product_tag-monstre","27":"product_tag-religion","28":"product_tag-serigraphie","29":"product_tag-sex","30":"product_shipping_class-plethore","32":"first","33":"outofstock","34":"purchasable","35":"product-type-simple"},"_links":{"self":[{"href":"https:\/\/www.audecarbone.com\/boutique\/wp-json\/wp\/v2\/product\/26685","targetHints":{"allow":["GET"]}}],"collection":[{"href":"https:\/\/www.audecarbone.com\/boutique\/wp-json\/wp\/v2\/product"}],"about":[{"href":"https:\/\/www.audecarbone.com\/boutique\/wp-json\/wp\/v2\/types\/product"}],"wp:featuredmedia":[{"embeddable":true,"href":"https:\/\/www.audecarbone.com\/boutique\/wp-json\/wp\/v2\/media\/26719"}],"wp:attachment":[{"href":"https:\/\/www.audecarbone.com\/boutique\/wp-json\/wp\/v2\/media?parent=26685"}],"wp:term":[{"taxonomy":"product_brand","embeddable":true,"href":"https:\/\/www.audecarbone.com\/boutique\/wp-json\/wp\/v2\/product_brand?post=26685"},{"taxonomy":"product_cat","embeddable":true,"href":"https:\/\/www.audecarbone.com\/boutique\/wp-json\/wp\/v2\/product_cat?post=26685"},{"taxonomy":"product_tag","embeddable":true,"href":"https:\/\/www.audecarbone.com\/boutique\/wp-json\/wp\/v2\/product_tag?post=26685"}],"curies":[{"name":"wp","href":"https:\/\/api.w.org\/{rel}","templated":true}]}}