{"id":26615,"date":"2024-05-29T16:10:01","date_gmt":"2024-05-29T14:10:01","guid":{"rendered":"https:\/\/www.audecarbone.com\/boutique\/?post_type=product&#038;p=26615"},"modified":"2024-05-31T15:38:15","modified_gmt":"2024-05-31T13:38:15","slug":"danse-de-salem-xylogravure","status":"publish","type":"product","link":"https:\/\/www.audecarbone.com\/boutique\/produit\/danse-de-salem-xylogravure\/","title":{"rendered":"Danse de Salem &#8211; Xylogravure"},"content":{"rendered":"<p><strong>Titre :<\/strong> Danse de Salem<em><br \/>\n<\/em><strong>Format :<\/strong> 35x50cm \/ Fabriano blanc cass\u00e9 210gr<br \/>\n<strong>Technique :<\/strong> Xylogravure + retouches finales peinture \u2013 50 exemplaires num\u00e9rot\u00e9s et sign\u00e9s \u2013 2023<br \/>\n<strong>Impression :<\/strong> sur les presses de Medium Rare<\/p>\n<p>Dessin original sur plaque de bois (30x40cm)<br \/>\nGravure et impression r\u00e9alis\u00e9es par l\u2019artiste graveur<a href=\"https:\/\/jeanmariepicardmediumrare.fr\/\"> Jean-Marie Picard (Medium Rare)<\/a><br \/>\nCette collaboration s&rsquo;est faite sur une proposition de Michel Pennec (librairie-galerie HumuS &#8211; Lausanne, Suisse), \u00e0 l&rsquo;occasion de l&rsquo;exposition \u00ab\u00a0Faune Intestine\u00a0\u00bb (dec-janv 23)<\/p>\n<p><em>Domina Domina est ! <\/em><br \/>\n<em>Si elle souffre pour te plaire,<\/em><br \/>\n<em>Tu expieras par sa chair.<\/em><br \/>\n<em>Domina Domina est !<\/em><br \/>\n<em>Du Pole Dance \u00e0 la potence,<\/em><br \/>\n<em>Du latex pour seule sentence.<\/em><br \/>\n<em>Domina Domina est !<\/em><\/p>\n<p><em>Envoi suivi \u2013 colis soign\u00e9<\/em><\/p>\n<p><em>Tracked shipping \u2013 packaged with care<\/em><\/p>\n","protected":false},"excerpt":{"rendered":"<p>Dessin original sur plaque de bois (30x40cm)<br \/>\nGravure et impression r\u00e9alis\u00e9es par l\u2019artiste graveur<a href=\"https:\/\/jeanmariepicardmediumrare.fr\/\"> Jean-Marie Picard (Medium Rare)<\/a><br \/>\nCette collaboration s&rsquo;est faite sur une proposition de Michel Pennec (librairie-galerie HumuS &#8211; Lausanne, Suisse), \u00e0 l&rsquo;occasion de l&rsquo;exposition \u00ab\u00a0Faune Intestine\u00a0\u00bb (dec-janv 23)<\/p>\n","protected":false},"featured_media":26616,"template":"","meta":[],"product_brand":[],"product_cat":[226,137],"product_tag":[22,23,24,39,40,237,41,367,238,28,42,239,369,368,44,121,366,77,118,365,230,364],"class_list":{"0":"post-26615","1":"product","2":"type-product","3":"status-publish","4":"has-post-thumbnail","6":"product_cat-editions-editions","7":"product_cat-linogravures-linocuts","8":"product_tag-art","9":"product_tag-artiste","10":"product_tag-artwork","11":"product_tag-audecarbone","12":"product_tag-autoedition","13":"product_tag-bdsm","14":"product_tag-bizarre","15":"product_tag-bondage","16":"product_tag-creepy","17":"product_tag-dessin","18":"product_tag-estampe","19":"product_tag-freaky","20":"product_tag-gothique","21":"product_tag-latex","22":"product_tag-monstre","23":"product_tag-religion","24":"product_tag-salem","25":"product_tag-sexe","26":"product_tag-sixyeux","27":"product_tag-sorciere","28":"product_tag-viergemarie","29":"product_tag-witch","30":"product_shipping_class-affiche-et-gravures-moyennes","32":"first","33":"instock","34":"shipping-taxable","35":"purchasable","36":"product-type-simple"},"_links":{"self":[{"href":"https:\/\/www.audecarbone.com\/boutique\/wp-json\/wp\/v2\/product\/26615","targetHints":{"allow":["GET"]}}],"collection":[{"href":"https:\/\/www.audecarbone.com\/boutique\/wp-json\/wp\/v2\/product"}],"about":[{"href":"https:\/\/www.audecarbone.com\/boutique\/wp-json\/wp\/v2\/types\/product"}],"wp:featuredmedia":[{"embeddable":true,"href":"https:\/\/www.audecarbone.com\/boutique\/wp-json\/wp\/v2\/media\/26616"}],"wp:attachment":[{"href":"https:\/\/www.audecarbone.com\/boutique\/wp-json\/wp\/v2\/media?parent=26615"}],"wp:term":[{"taxonomy":"product_brand","embeddable":true,"href":"https:\/\/www.audecarbone.com\/boutique\/wp-json\/wp\/v2\/product_brand?post=26615"},{"taxonomy":"product_cat","embeddable":true,"href":"https:\/\/www.audecarbone.com\/boutique\/wp-json\/wp\/v2\/product_cat?post=26615"},{"taxonomy":"product_tag","embeddable":true,"href":"https:\/\/www.audecarbone.com\/boutique\/wp-json\/wp\/v2\/product_tag?post=26615"}],"curies":[{"name":"wp","href":"https:\/\/api.w.org\/{rel}","templated":true}]}}