{"id":26441,"date":"2024-05-23T13:32:20","date_gmt":"2024-05-23T11:32:20","guid":{"rendered":"https:\/\/www.audecarbone.com\/boutique\/?post_type=product&#038;p=26441"},"modified":"2025-06-25T09:24:11","modified_gmt":"2025-06-25T07:24:11","slug":"tee-shirts-echo-serigraphie","status":"publish","type":"product","link":"https:\/\/www.audecarbone.com\/boutique\/produit\/tee-shirts-echo-serigraphie\/","title":{"rendered":"Tee-Shirts \u00ab\u00a0ECHO\u00a0\u00bb ( \u2640 \/ \u2642 ) &#8211; s\u00e9rigraphie"},"content":{"rendered":"<p><strong>Tee-Shirts s\u00e9rigraphi\u00e9s<\/strong><em><br \/>\n<\/em><strong>Tailles :<\/strong> Du S au XL (suivant les mod\u00e8les et couleurs)<br \/>\n<em>from S to XL (depending on models and colours)<\/em><br \/>\n<strong>Technique :<\/strong> S\u00e9rigraphie blanche opaque OU noir sur coton ~145gr. &#8211; plusieurs variantes de t-shirt disponibles<br \/>\n<em>Opaque white OR black silkscreening on black cotton ~145gr. &#8211; different variations available<\/em><\/p>\n<p><em>Envoi suivi \u2013 colis soign\u00e9<br \/>\n<\/em><em>Tracked shipping \u2013 packaged with care<\/em><\/p>\n<p><img loading=\"lazy\" decoding=\"async\" class=\"alignnone wp-image-26538\" src=\"https:\/\/www.audecarbone.com\/boutique\/wp-content\/uploads\/2024\/05\/DeclinaisonMotifs_webstore.jpg\" alt=\"\" width=\"800\" height=\"180\" srcset=\"https:\/\/www.audecarbone.com\/boutique\/wp-content\/uploads\/2024\/05\/DeclinaisonMotifs_webstore.jpg 900w, https:\/\/www.audecarbone.com\/boutique\/wp-content\/uploads\/2024\/05\/DeclinaisonMotifs_webstore-300x67.jpg 300w, https:\/\/www.audecarbone.com\/boutique\/wp-content\/uploads\/2024\/05\/DeclinaisonMotifs_webstore-768x172.jpg 768w, https:\/\/www.audecarbone.com\/boutique\/wp-content\/uploads\/2024\/05\/DeclinaisonMotifs_webstore-600x135.jpg 600w\" sizes=\"auto, (max-width: 800px) 100vw, 800px\" \/><\/p>\n","protected":false},"excerpt":{"rendered":"<p><strong>Tee-Shirts s\u00e9rigraphi\u00e9s<\/strong><em><br \/>\n<\/em><strong>Tailles :<\/strong> Du S au XL (suivant les mod\u00e8les et couleurs)<br \/>\n<em>from S to XL (depending on models and colours)<\/em><br \/>\n<strong>Technique :<\/strong> S\u00e9rigraphie blanche opaque OU noir sur coton ~145gr. &#8211; plusieurs variantes de t-shirt disponibles<br \/>\n<em>Opaque white OR black silkscreening on black cotton ~145gr. &#8211; different variations available<\/em><\/p>\n<p><img loading=\"lazy\" decoding=\"async\" class=\"alignnone wp-image-26538\" src=\"https:\/\/www.audecarbone.com\/boutique\/wp-content\/uploads\/2024\/05\/DeclinaisonMotifs_webstore.jpg\" alt=\"\" width=\"800\" height=\"180\" srcset=\"https:\/\/www.audecarbone.com\/boutique\/wp-content\/uploads\/2024\/05\/DeclinaisonMotifs_webstore.jpg 900w, https:\/\/www.audecarbone.com\/boutique\/wp-content\/uploads\/2024\/05\/DeclinaisonMotifs_webstore-300x67.jpg 300w, https:\/\/www.audecarbone.com\/boutique\/wp-content\/uploads\/2024\/05\/DeclinaisonMotifs_webstore-768x172.jpg 768w, https:\/\/www.audecarbone.com\/boutique\/wp-content\/uploads\/2024\/05\/DeclinaisonMotifs_webstore-600x135.jpg 600w\" sizes=\"auto, (max-width: 800px) 100vw, 800px\" \/><\/p>\n","protected":false},"featured_media":26764,"template":"","meta":[],"product_brand":[],"product_cat":[226,85],"product_tag":[24,361,360,235,234,89,359,350,30,356,357,341,267,351,94,35,353,358,266,355,354],"class_list":{"0":"post-26441","1":"product","2":"type-product","3":"status-publish","4":"has-post-thumbnail","6":"product_cat-editions-editions","7":"product_cat-poupees-dolls-textile","8":"product_tag-artwork","9":"product_tag-clothwear","10":"product_tag-design","11":"product_tag-diy","12":"product_tag-editionlimitee","13":"product_tag-faitmain","14":"product_tag-fashion","15":"product_tag-geometric","16":"product_tag-graphisme","17":"product_tag-handmade","18":"product_tag-handprinted","19":"product_tag-motif","20":"product_tag-pattern","21":"product_tag-psychedelic","22":"product_tag-psychedelique","23":"product_tag-serigraphie","24":"product_tag-silkscreenprinting","25":"product_tag-symbol","26":"product_tag-symmetry","27":"product_tag-teeshirt","28":"product_tag-tshirt","29":"product_shipping_class-t-shirts","31":"first","32":"outofstock","33":"shipping-taxable","34":"purchasable","35":"product-type-simple"},"_links":{"self":[{"href":"https:\/\/www.audecarbone.com\/boutique\/wp-json\/wp\/v2\/product\/26441","targetHints":{"allow":["GET"]}}],"collection":[{"href":"https:\/\/www.audecarbone.com\/boutique\/wp-json\/wp\/v2\/product"}],"about":[{"href":"https:\/\/www.audecarbone.com\/boutique\/wp-json\/wp\/v2\/types\/product"}],"wp:featuredmedia":[{"embeddable":true,"href":"https:\/\/www.audecarbone.com\/boutique\/wp-json\/wp\/v2\/media\/26764"}],"wp:attachment":[{"href":"https:\/\/www.audecarbone.com\/boutique\/wp-json\/wp\/v2\/media?parent=26441"}],"wp:term":[{"taxonomy":"product_brand","embeddable":true,"href":"https:\/\/www.audecarbone.com\/boutique\/wp-json\/wp\/v2\/product_brand?post=26441"},{"taxonomy":"product_cat","embeddable":true,"href":"https:\/\/www.audecarbone.com\/boutique\/wp-json\/wp\/v2\/product_cat?post=26441"},{"taxonomy":"product_tag","embeddable":true,"href":"https:\/\/www.audecarbone.com\/boutique\/wp-json\/wp\/v2\/product_tag?post=26441"}],"curies":[{"name":"wp","href":"https:\/\/api.w.org\/{rel}","templated":true}]}}