{"id":26299,"date":"2024-02-25T14:50:08","date_gmt":"2024-02-25T13:50:08","guid":{"rendered":"https:\/\/www.audecarbone.com\/boutique\/?post_type=product&#038;p=26299"},"modified":"2024-02-25T15:11:52","modified_gmt":"2024-02-25T14:11:52","slug":"cephalee-shooting2-serigraphies","status":"publish","type":"product","link":"https:\/\/www.audecarbone.com\/boutique\/produit\/cephalee-shooting2-serigraphies\/","title":{"rendered":"C\u00e9phal\u00e9e shooting#2 &#8211; s\u00e9rigraphies"},"content":{"rendered":"<p><span style=\"color: #000000;\"><strong>Titre :<\/strong><b> Le Foyer, Le Bocal<br \/>\n<\/b><\/span><\/p>\n<p><span style=\"color: #000000;\"><u>Infos techniques :<\/u><\/span><\/p>\n<p><span style=\"color: #808080;\">Affichettes s\u00e9rigraphi\u00e9es en quadrichromie, 35x35cm,<br \/>\nsur papier Fedrigoni Freelife Vellum 260gr<br \/>\nLe Foyer : 11 exemplaires de chaque sign\u00e9s et num\u00e9rot\u00e9s,<br \/>\nLe Bocal : 10 exemplaires de chaque sign\u00e9s et num\u00e9rot\u00e9s,<br \/>\n\u00e9dition EpOx et BoTOx, Atelier Metemphase, novembre 2023.<\/span><\/p>\n<p><span style=\"color: #999999;\">Silkscreen printed posters, quadrichromy, 35x35cm,<br \/>\non paper Fedrigoni Freelife Vellum 260gr<br \/>\nLe Foyer : 11 copies of each, numbered and signed,<br \/>\nLe Bocal : 10 copies of each, numbered and signed,<br \/>\nEpOx et BoTOx edition, Metemphase workshop, November 2023.<\/span><\/p>\n<p><img loading=\"lazy\" decoding=\"async\" class=\"alignnone wp-image-26308\" src=\"https:\/\/www.audecarbone.com\/boutique\/wp-content\/uploads\/2024\/02\/montage_duo-serig.jpg\" alt=\"\" width=\"600\" height=\"317\" srcset=\"https:\/\/www.audecarbone.com\/boutique\/wp-content\/uploads\/2024\/02\/montage_duo-serig.jpg 750w, https:\/\/www.audecarbone.com\/boutique\/wp-content\/uploads\/2024\/02\/montage_duo-serig-300x158.jpg 300w, https:\/\/www.audecarbone.com\/boutique\/wp-content\/uploads\/2024\/02\/montage_duo-serig-600x317.jpg 600w\" sizes=\"auto, (max-width: 600px) 100vw, 600px\" \/><\/p>\n<p>&nbsp;<\/p>\n","protected":false},"excerpt":{"rendered":"<p>Affichettes s\u00e9rigraphi\u00e9es en quadrichromie, 35x35cm,<br \/>\nsur papier Fedrigoni Freelife Vellum 260gr<br \/>\nLe Foyer : 11 exemplaires de chaque sign\u00e9s et num\u00e9rot\u00e9s,<br \/>\nLe Bocal : 10 exemplaires de chaque sign\u00e9s et num\u00e9rot\u00e9s,<br \/>\n\u00e9dition EpOx et BoTOx, Atelier Metemphase, novembre 2023.<\/p>\n","protected":false},"featured_media":26281,"template":"","meta":[],"product_brand":[],"product_cat":[47,226],"product_tag":[48,38,22,23,24,39,40,237,41,115,42,43,210,164,30,33,34,44,301,50,300,35,118,212,116],"class_list":{"0":"post-26299","1":"product","2":"type-product","3":"status-publish","4":"has-post-thumbnail","6":"product_cat-affiches-posters","7":"product_cat-editions-editions","8":"product_tag-affiche","9":"product_tag-alternatif","10":"product_tag-art","11":"product_tag-artiste","12":"product_tag-artwork","13":"product_tag-audecarbone","14":"product_tag-autoedition","15":"product_tag-bdsm","16":"product_tag-bizarre","17":"product_tag-darkart","18":"product_tag-estampe","19":"product_tag-etrange","20":"product_tag-foetus","21":"product_tag-ghost","22":"product_tag-graphisme","23":"product_tag-illustration","24":"product_tag-microedition","25":"product_tag-monstre","26":"product_tag-photographie","27":"product_tag-poster","28":"product_tag-sculpture","29":"product_tag-serigraphie","30":"product_tag-sixyeux","31":"product_tag-urbex","32":"product_tag-weirdart","33":"product_shipping_class-affiches","35":"first","36":"outofstock","37":"purchasable","38":"product-type-variable"},"_links":{"self":[{"href":"https:\/\/www.audecarbone.com\/boutique\/wp-json\/wp\/v2\/product\/26299","targetHints":{"allow":["GET"]}}],"collection":[{"href":"https:\/\/www.audecarbone.com\/boutique\/wp-json\/wp\/v2\/product"}],"about":[{"href":"https:\/\/www.audecarbone.com\/boutique\/wp-json\/wp\/v2\/types\/product"}],"wp:featuredmedia":[{"embeddable":true,"href":"https:\/\/www.audecarbone.com\/boutique\/wp-json\/wp\/v2\/media\/26281"}],"wp:attachment":[{"href":"https:\/\/www.audecarbone.com\/boutique\/wp-json\/wp\/v2\/media?parent=26299"}],"wp:term":[{"taxonomy":"product_brand","embeddable":true,"href":"https:\/\/www.audecarbone.com\/boutique\/wp-json\/wp\/v2\/product_brand?post=26299"},{"taxonomy":"product_cat","embeddable":true,"href":"https:\/\/www.audecarbone.com\/boutique\/wp-json\/wp\/v2\/product_cat?post=26299"},{"taxonomy":"product_tag","embeddable":true,"href":"https:\/\/www.audecarbone.com\/boutique\/wp-json\/wp\/v2\/product_tag?post=26299"}],"curies":[{"name":"wp","href":"https:\/\/api.w.org\/{rel}","templated":true}]}}