{"id":26251,"date":"2024-02-10T22:28:16","date_gmt":"2024-02-10T21:28:16","guid":{"rendered":"https:\/\/www.audecarbone.com\/boutique\/?post_type=product&#038;p=26251"},"modified":"2025-07-21T13:25:41","modified_gmt":"2025-07-21T11:25:41","slug":"cephalee-shooting1-serigraphies","status":"publish","type":"product","link":"https:\/\/www.audecarbone.com\/boutique\/produit\/cephalee-shooting1-serigraphies\/","title":{"rendered":"C\u00e9phal\u00e9e shooting#1 &#8211; s\u00e9rigraphies"},"content":{"rendered":"<p><span style=\"color: #000000;\"><strong>Titre :<\/strong><b> Coulisse, Le Berceau, Simulacre, Fuite<\/b><\/span><\/p>\n<p><span style=\"color: #000000;\"><u>Infos techniques :<\/u><\/span><\/p>\n<p><span style=\"color: #808080;\">Affichettes s\u00e9rigraphi\u00e9e en quadrichromie, 25x35cm,<br \/>\nsur papier Fedrigoni Freelife Vellum 260gr<br \/>\n10 exemplaires de chaque sign\u00e9s et num\u00e9rot\u00e9s,<br \/>\n&#8211; versions ton bleu et ton vert<br \/>\n\u00e9dition EpOx et BoTOx, Atelier Metemphase, novembre 2023.<\/span><\/p>\n<p><span style=\"color: #999999;\">Silkscreen printed posters, quadrichromy, 25x35cm,<br \/>\non paper Fedrigoni Freelife Vellum 260gr<br \/>\n10 copies of each, numbered and signed,<br \/>\n\u2013 hue of blue or hue of green versions<br \/>\nEpOx et BoTOx edition, Metemphase workshop, November 2023.<\/span><\/p>\n<p><img loading=\"lazy\" decoding=\"async\" class=\"alignnone wp-image-26271 size-full\" src=\"https:\/\/www.audecarbone.com\/boutique\/wp-content\/uploads\/2024\/02\/Titres.jpg\" alt=\"\" width=\"1000\" height=\"201\" srcset=\"https:\/\/www.audecarbone.com\/boutique\/wp-content\/uploads\/2024\/02\/Titres.jpg 1000w, https:\/\/www.audecarbone.com\/boutique\/wp-content\/uploads\/2024\/02\/Titres-300x60.jpg 300w, https:\/\/www.audecarbone.com\/boutique\/wp-content\/uploads\/2024\/02\/Titres-768x154.jpg 768w, https:\/\/www.audecarbone.com\/boutique\/wp-content\/uploads\/2024\/02\/Titres-600x121.jpg 600w\" sizes=\"auto, (max-width: 1000px) 100vw, 1000px\" \/><\/p>\n","protected":false},"excerpt":{"rendered":"<p>Affichettes s\u00e9rigraphi\u00e9e en quadrichromie, 25x35cm,<br \/>\nsur papier Fedrigoni Freelife Vellum 260gr<br \/>\n10 exemplaires de chaque sign\u00e9s et num\u00e9rot\u00e9s,<br \/>\n&#8211; versions ton bleu et ton vert<br \/>\n\u00e9dition EpOx et BoTOx, Atelier Metemphase, novembre 2023.<\/p>\n","protected":false},"featured_media":26254,"template":"","meta":[],"product_brand":[],"product_cat":[47,226],"product_tag":[48,38,22,23,24,39,40,41,115,42,43,164,30,33,34,44,301,50,300,35,118,212,116],"class_list":{"0":"post-26251","1":"product","2":"type-product","3":"status-publish","4":"has-post-thumbnail","6":"product_cat-affiches-posters","7":"product_cat-editions-editions","8":"product_tag-affiche","9":"product_tag-alternatif","10":"product_tag-art","11":"product_tag-artiste","12":"product_tag-artwork","13":"product_tag-audecarbone","14":"product_tag-autoedition","15":"product_tag-bizarre","16":"product_tag-darkart","17":"product_tag-estampe","18":"product_tag-etrange","19":"product_tag-ghost","20":"product_tag-graphisme","21":"product_tag-illustration","22":"product_tag-microedition","23":"product_tag-monstre","24":"product_tag-photographie","25":"product_tag-poster","26":"product_tag-sculpture","27":"product_tag-serigraphie","28":"product_tag-sixyeux","29":"product_tag-urbex","30":"product_tag-weirdart","31":"product_shipping_class-affiches","33":"first","34":"outofstock","35":"purchasable","36":"product-type-variable"},"_links":{"self":[{"href":"https:\/\/www.audecarbone.com\/boutique\/wp-json\/wp\/v2\/product\/26251","targetHints":{"allow":["GET"]}}],"collection":[{"href":"https:\/\/www.audecarbone.com\/boutique\/wp-json\/wp\/v2\/product"}],"about":[{"href":"https:\/\/www.audecarbone.com\/boutique\/wp-json\/wp\/v2\/types\/product"}],"wp:featuredmedia":[{"embeddable":true,"href":"https:\/\/www.audecarbone.com\/boutique\/wp-json\/wp\/v2\/media\/26254"}],"wp:attachment":[{"href":"https:\/\/www.audecarbone.com\/boutique\/wp-json\/wp\/v2\/media?parent=26251"}],"wp:term":[{"taxonomy":"product_brand","embeddable":true,"href":"https:\/\/www.audecarbone.com\/boutique\/wp-json\/wp\/v2\/product_brand?post=26251"},{"taxonomy":"product_cat","embeddable":true,"href":"https:\/\/www.audecarbone.com\/boutique\/wp-json\/wp\/v2\/product_cat?post=26251"},{"taxonomy":"product_tag","embeddable":true,"href":"https:\/\/www.audecarbone.com\/boutique\/wp-json\/wp\/v2\/product_tag?post=26251"}],"curies":[{"name":"wp","href":"https:\/\/api.w.org\/{rel}","templated":true}]}}