{"id":26063,"date":"2024-02-25T15:10:13","date_gmt":"2024-02-25T14:10:13","guid":{"rendered":"https:\/\/www.audecarbone.com\/boutique\/?post_type=product&#038;p=26063"},"modified":"2024-10-25T01:13:12","modified_gmt":"2024-10-24T23:13:12","slug":"triple-gene-serigraphie","status":"publish","type":"product","link":"https:\/\/www.audecarbone.com\/boutique\/produit\/triple-gene-serigraphie\/","title":{"rendered":"Triple G\u00eane &#8211; s\u00e9rigraphie"},"content":{"rendered":"<p><span style=\"color: #000000;\"><strong>Titre :<\/strong><b> Triple G\u00eane<br \/>\n<\/b><\/span><\/p>\n<p><span style=\"color: #000000;\"><u>Pr\u00e9sentation :<\/u><\/span><\/p>\n<p><em><span style=\"color: #808080;\">\u00ab\u00a0\u00d4 Spectateur impie, voyeur de ce drame fig\u00e9<br \/>\nOuvre ton oeil et suis les regards<br \/>\nSuis la chair qui coule comme un fluide<br \/>\nSes m\u00e9andres contrari\u00e9s qui racontent sa chute.<br \/>\nLes yeux indiquent quels chemins suivre<br \/>\nLes mains rejoignent les p\u00e9rils<br \/>\n\u00c0 chaque \u00e9tape, une \u00e9nigme<br \/>\nAutant de t\u00e2ches \u00e0 d\u00e9crypter.<br \/>\napprends \u00e0 lire entre les lignes,<br \/>\nLes lignes de vie qui se contractent<br \/>\nDu globe c\u00e9leste au f\u00e9tide Barathre.\u00a0\u00bb [&#8230;]<\/span><\/em><\/p>\n<p><em><span style=\"color: #999999;\">\u00ab\u00a0O impious spectator, voyeur of this frozen drama<br \/>\nOpen your eye and follow the glances<br \/>\nFollow the flesh that flows like a fluid<br \/>\nIts thwarted meanders that tell of its fall.<br \/>\nThe eyes indicate which paths to follow<br \/>\nHands join the perils<br \/>\nAt each step, an enigma<br \/>\nSo many tasks to decipher.<br \/>\nlearn to read between the lines,<br \/>\nThe contracting lines of life<br \/>\nFrom celestial globe to fetid Barathre.\u00a0\u00bb [&#8230;]<\/span><\/em><\/p>\n<p><span style=\"color: #000000;\"><u>Infos techniques :<\/u><\/span><\/p>\n<p><span style=\"color: #808080;\">Affiche s\u00e9rigraphi\u00e9e <strong>9 couleurs<\/strong>, 50x70cm,<br \/>\nsur papier Fedrigoni Sirio Black 290gr<br \/>\n24 exemplaires sign\u00e9s et num\u00e9rot\u00e9s,<br \/>\nimpressions Atelier Metemphase, novembre 2023.<\/span><\/p>\n<p><span style=\"color: #999999;\">Silkscreen printed posters, <strong>9 colours<\/strong>, 50x70cm,<br \/>\non paper Fedrigoni Sirio Black 260gr,<br \/>\n24 copies, stamped numbered and signed,<br \/>\nprinted at Metemphase workshop, November 2023.<\/span><\/p>\n","protected":false},"excerpt":{"rendered":"<p><em>\u00ab\u00a0\u00d4 Spectateur impie, voyeur de ce drame fig\u00e9<br \/>\nOuvre ton oeil et suis les regards<br \/>\nSuis la chair qui coule comme un fluide<br \/>\nSes m\u00e9andres contrari\u00e9s qui racontent sa chute.<br \/>\nLes yeux indiquent quels chemins suivre<br \/>\nLes mains rejoignent les p\u00e9rils<br \/>\n\u00c0 chaque \u00e9tape, une \u00e9nigme<br \/>\nAutant de t\u00e2ches \u00e0 d\u00e9crypter.<br \/>\napprends \u00e0 lire entre les lignes,<br \/>\nLes lignes de vie qui se contractent<br \/>\nDu globe c\u00e9leste au f\u00e9tide Barathre.\u00a0\u00bb [&#8230;]<\/em><\/p>\n","protected":false},"featured_media":26064,"template":"","meta":[],"product_brand":[],"product_cat":[47,226],"product_tag":[48,38,22,23,24,39,40,41,238,115,28,42,43,164,30,306,33,34,44,307,50,121,35,305,187,118,83,45,308,116],"class_list":{"0":"post-26063","1":"product","2":"type-product","3":"status-publish","4":"has-post-thumbnail","6":"product_cat-affiches-posters","7":"product_cat-editions-editions","8":"product_tag-affiche","9":"product_tag-alternatif","10":"product_tag-art","11":"product_tag-artiste","12":"product_tag-artwork","13":"product_tag-audecarbone","14":"product_tag-autoedition","15":"product_tag-bizarre","16":"product_tag-creepy","17":"product_tag-darkart","18":"product_tag-dessin","19":"product_tag-estampe","20":"product_tag-etrange","21":"product_tag-ghost","22":"product_tag-graphisme","23":"product_tag-horror","24":"product_tag-illustration","25":"product_tag-microedition","26":"product_tag-monstre","27":"product_tag-nudes","28":"product_tag-poster","29":"product_tag-religion","30":"product_tag-serigraphie","31":"product_tag-siamese","32":"product_tag-siamois","33":"product_tag-sixyeux","34":"product_tag-squelette","35":"product_tag-tattoo","36":"product_tag-vulve","37":"product_tag-weirdart","38":"product_shipping_class-affiches","40":"first","41":"instock","42":"purchasable","43":"product-type-simple"},"_links":{"self":[{"href":"https:\/\/www.audecarbone.com\/boutique\/wp-json\/wp\/v2\/product\/26063","targetHints":{"allow":["GET"]}}],"collection":[{"href":"https:\/\/www.audecarbone.com\/boutique\/wp-json\/wp\/v2\/product"}],"about":[{"href":"https:\/\/www.audecarbone.com\/boutique\/wp-json\/wp\/v2\/types\/product"}],"wp:featuredmedia":[{"embeddable":true,"href":"https:\/\/www.audecarbone.com\/boutique\/wp-json\/wp\/v2\/media\/26064"}],"wp:attachment":[{"href":"https:\/\/www.audecarbone.com\/boutique\/wp-json\/wp\/v2\/media?parent=26063"}],"wp:term":[{"taxonomy":"product_brand","embeddable":true,"href":"https:\/\/www.audecarbone.com\/boutique\/wp-json\/wp\/v2\/product_brand?post=26063"},{"taxonomy":"product_cat","embeddable":true,"href":"https:\/\/www.audecarbone.com\/boutique\/wp-json\/wp\/v2\/product_cat?post=26063"},{"taxonomy":"product_tag","embeddable":true,"href":"https:\/\/www.audecarbone.com\/boutique\/wp-json\/wp\/v2\/product_tag?post=26063"}],"curies":[{"name":"wp","href":"https:\/\/api.w.org\/{rel}","templated":true}]}}