{"id":26051,"date":"2023-11-05T07:43:07","date_gmt":"2023-11-05T06:43:07","guid":{"rendered":"https:\/\/www.audecarbone.com\/boutique\/?post_type=product&#038;p=26051"},"modified":"2024-02-25T14:25:25","modified_gmt":"2024-02-25T13:25:25","slug":"le-plongeoir-serigraphie","status":"publish","type":"product","link":"https:\/\/www.audecarbone.com\/boutique\/produit\/le-plongeoir-serigraphie\/","title":{"rendered":"Le Plongeoir &#8211; s\u00e9rigraphie"},"content":{"rendered":"<p><span style=\"color: #000000;\"><strong>Titre :<\/strong><b> Le Plongeoir<br \/>\n<\/b><\/span><\/p>\n<p><span style=\"color: #000000;\"><u>Pr\u00e9sentation :<\/u><\/span><\/p>\n<p><em>C\u00e9phal\u00e9e regarde impassible l&rsquo;abysse qui l&rsquo;attire, gouffre au charme tentaculaire et hallucinatoire, <\/em><br \/>\n<em>faisant tanguer son \u00e2me entre le supplice de la planche et le saut de l&rsquo;ange.<\/em><\/p>\n<p><em><span style=\"color: #999999;\">C\u00e9phal\u00e9e stares impassively into the abyss that draws her in, a chasm of sprawling, hallucinatory charm,<\/span><\/em><br \/>\n<em><span style=\"color: #999999;\">rocking her soul between the agony of the plank and the leap of the angel.<\/span><\/em><\/p>\n<p><span style=\"color: #000000;\"><u>Infos techniques :<\/u><\/span><\/p>\n<p><span style=\"color: #808080;\">Affiche s\u00e9rigraphi\u00e9e 2 couleurs, 70x50cm,<\/span><br \/>\n<span style=\"color: #808080;\">sur papier Fedrigoni Freelife Vellum 260gr<\/span><br \/>\n<span style=\"color: #808080;\">12 exemplaires sign\u00e9s et num\u00e9rot\u00e9s,<\/span><br \/>\n<span style=\"color: #808080;\">impressions Atelier Metemphase, novembre 2023.<\/span><\/p>\n<p><span style=\"color: #999999;\">Silkscreen printed posters, 2 coulours, 70x50cm,<\/span><br \/>\n<span style=\"color: #999999;\">on Fedrigoni Freelife Vellum 260gr paper,<\/span><br \/>\n<span style=\"color: #999999;\">12<\/span><span style=\"color: #999999;\"> copies, numbered and signed,<\/span><br \/>\n<span style=\"color: #999999;\">printings at Metemphase workshop, November 2023.<\/span><\/p>\n","protected":false},"excerpt":{"rendered":"<p><em>C\u00e9phal\u00e9e regarde impassible l&rsquo;abysse qui l&rsquo;attire, gouffre au charme tentaculaire et hallucinatoire, <\/em><br \/>\n<em>faisant tanguer son \u00e2me entre le supplice de la planche et le saut de l&rsquo;ange.<\/em><\/p>\n","protected":false},"featured_media":26055,"template":"","meta":[],"product_brand":[],"product_cat":[47,226],"product_tag":[48,38,22,23,24,39,40,41,115,28,42,43,30,304,33,299,34,44,301,166,302,50,94,300,35,118,303,116],"class_list":{"0":"post-26051","1":"product","2":"type-product","3":"status-publish","4":"has-post-thumbnail","6":"product_cat-affiches-posters","7":"product_cat-editions-editions","8":"product_tag-affiche","9":"product_tag-alternatif","10":"product_tag-art","11":"product_tag-artiste","12":"product_tag-artwork","13":"product_tag-audecarbone","14":"product_tag-autoedition","15":"product_tag-bizarre","16":"product_tag-darkart","17":"product_tag-dessin","18":"product_tag-estampe","19":"product_tag-etrange","20":"product_tag-graphisme","21":"product_tag-hallucination","22":"product_tag-illustration","23":"product_tag-immersion","24":"product_tag-microedition","25":"product_tag-monstre","26":"product_tag-photographie","27":"product_tag-pieuvre","28":"product_tag-plongeoir","29":"product_tag-poster","30":"product_tag-psychedelique","31":"product_tag-sculpture","32":"product_tag-serigraphie","33":"product_tag-sixyeux","34":"product_tag-vision","35":"product_tag-weirdart","36":"product_shipping_class-affiches","38":"first","39":"instock","40":"purchasable","41":"product-type-simple"},"_links":{"self":[{"href":"https:\/\/www.audecarbone.com\/boutique\/wp-json\/wp\/v2\/product\/26051","targetHints":{"allow":["GET"]}}],"collection":[{"href":"https:\/\/www.audecarbone.com\/boutique\/wp-json\/wp\/v2\/product"}],"about":[{"href":"https:\/\/www.audecarbone.com\/boutique\/wp-json\/wp\/v2\/types\/product"}],"wp:featuredmedia":[{"embeddable":true,"href":"https:\/\/www.audecarbone.com\/boutique\/wp-json\/wp\/v2\/media\/26055"}],"wp:attachment":[{"href":"https:\/\/www.audecarbone.com\/boutique\/wp-json\/wp\/v2\/media?parent=26051"}],"wp:term":[{"taxonomy":"product_brand","embeddable":true,"href":"https:\/\/www.audecarbone.com\/boutique\/wp-json\/wp\/v2\/product_brand?post=26051"},{"taxonomy":"product_cat","embeddable":true,"href":"https:\/\/www.audecarbone.com\/boutique\/wp-json\/wp\/v2\/product_cat?post=26051"},{"taxonomy":"product_tag","embeddable":true,"href":"https:\/\/www.audecarbone.com\/boutique\/wp-json\/wp\/v2\/product_tag?post=26051"}],"curies":[{"name":"wp","href":"https:\/\/api.w.org\/{rel}","templated":true}]}}