{"id":26020,"date":"2023-09-18T14:55:27","date_gmt":"2023-09-18T12:55:27","guid":{"rendered":"https:\/\/www.audecarbone.com\/boutique\/?post_type=product&#038;p=26020"},"modified":"2025-06-25T09:25:04","modified_gmt":"2025-06-25T07:25:04","slug":"hecate-serigraphie","status":"publish","type":"product","link":"https:\/\/www.audecarbone.com\/boutique\/produit\/hecate-serigraphie\/","title":{"rendered":"H\u00e9cate &#8211; s\u00e9rigraphie"},"content":{"rendered":"<p><span style=\"color: #000000;\"><strong>Titre :<\/strong><b> H\u00e9cate<\/b><\/span><\/p>\n<p><span style=\"color: #000000;\"><u>Pr\u00e9sentation :<\/u><\/span><\/p>\n<p><em><span style=\"color: #808080;\">Le spectre de la d\u00e9esse tripolaire et sulfureuse s&rsquo;accouple \u00e0 une pl\u00e9iade d&rsquo;autres mythes illicites et vient, alti\u00e8re, faire lumi\u00e8re sur une autre histoire de l&rsquo;ombre&#8230;<br \/>\nDivinit\u00e9 pass\u00e9e aux stigmates pr\u00e9sents porte l&rsquo;avenir, soul\u00e8ve impudiquement sa tunique et d\u00e9voile le mal qui la ronge. L&rsquo;infection en son c\u0153ur l&#8217;empoisonne jusque dans sa parure nourrici\u00e8re, et l&rsquo;Oracle toxique -nouvelle lune mortelle- g\u00e2te son prot\u00e9g\u00e9, faisant de de ce qu&rsquo;il a de plus cher un enfant mort-n\u00e9.<br \/>\nMais chhhhut. Le ssssilence est de mise sur cette hydre r\u00eav\u00e9e, sous peine d&rsquo;\u00eatre p\u00e9trifi\u00e9.<\/span><\/em><\/p>\n<p><em><span style=\"color: #999999;\">The specter of the sulphurous, tripolar goddess mates with a host of other illicit myths, and proudly sheds light on another history of the shadows&#8230;<br \/>\nA past divinity with present stigmata carries the future, shamelessly lifts her tunic and reveals the evil that gnaws at her. The infection in her heart poisons her even in her nourishing finery, and the toxic Oracle &#8211; a deadly new moon &#8211; spoils her prot\u00e9g\u00e9, making a stillborn child of his most cherished possession.<br \/>\nBut shhhh. Ssssilence is the order of the day on this dreamy hydra, or risk being petrified.<\/span><\/em><\/p>\n<p><span style=\"color: #000000;\"><u>Infos techniques :<\/u><\/span><\/p>\n<p><span style=\"color: #808080;\">Affiche s\u00e9rigraphi\u00e9e <strong>14 couleurs<\/strong>, 35x100cm,<br \/>\nsur papier Fedrigoni Sirio Black 290gr<br \/>\n19 exemplaires sign\u00e9s et num\u00e9rot\u00e9s,<br \/>\nimpressions Atelier Metemphase, juillet 2023.<\/span><\/p>\n<p><span style=\"color: #999999;\">Silkscreen printed posters, <strong>14 colours<\/strong>, 35x100cm,<br \/>\non paper Fedrigoni Sirio Black 260gr,<br \/>\n19 copies, stamped numbered and signed,<br \/>\nprinted at Metemphase workshop, July 2023.<\/span><\/p>\n","protected":false},"excerpt":{"rendered":"<p><em>Le spectre de la d\u00e9esse tripolaire et sulfureuse s&rsquo;accouple \u00e0 une pl\u00e9iade d&rsquo;autres mythes illicites et vient, alti\u00e8re, faire lumi\u00e8re sur une autre histoire de l&rsquo;ombre&#8230;<br \/>\nDivinit\u00e9 pass\u00e9e aux stigmates pr\u00e9sents porte l&rsquo;avenir, soul\u00e8ve impudiquement sa tunique et d\u00e9voile le mal qui la ronge. L&rsquo;infection en son c\u0153ur l&#8217;empoisonne jusque dans sa parure nourrici\u00e8re, et l&rsquo;Oracle toxique -nouvelle lune mortelle- g\u00e2te son prot\u00e9g\u00e9, faisant de de ce qu&rsquo;il a de plus cher un enfant mort-n\u00e9.<br \/>\nMais chhhhut. Le ssssilence est de mise sur cette hydre r\u00eav\u00e9e, sous peine d&rsquo;\u00eatre p\u00e9trifi\u00e9.<\/em><\/p>\n","protected":false},"featured_media":26765,"template":"","meta":[],"product_brand":[],"product_cat":[47,226],"product_tag":[48,38,22,23,24,39,40,41,297,238,115,28,42,43,210,30,293,33,252,294,34,44,298,223,296,50,35,286,295,116],"class_list":{"0":"post-26020","1":"product","2":"type-product","3":"status-publish","4":"has-post-thumbnail","6":"product_cat-affiches-posters","7":"product_cat-editions-editions","8":"product_tag-affiche","9":"product_tag-alternatif","10":"product_tag-art","11":"product_tag-artiste","12":"product_tag-artwork","13":"product_tag-audecarbone","14":"product_tag-autoedition","15":"product_tag-bizarre","16":"product_tag-bomb","17":"product_tag-creepy","18":"product_tag-darkart","19":"product_tag-dessin","20":"product_tag-estampe","21":"product_tag-etrange","22":"product_tag-foetus","23":"product_tag-graphisme","24":"product_tag-hecate","25":"product_tag-illustration","26":"product_tag-magic","27":"product_tag-medusa","28":"product_tag-microedition","29":"product_tag-monstre","30":"product_tag-mythe","31":"product_tag-mythologie","32":"product_tag-nuclear","33":"product_tag-poster","34":"product_tag-serigraphie","35":"product_tag-skull","36":"product_tag-snakes","37":"product_tag-weirdart","38":"product_shipping_class-affiches","40":"first","41":"instock","42":"purchasable","43":"product-type-simple"},"_links":{"self":[{"href":"https:\/\/www.audecarbone.com\/boutique\/wp-json\/wp\/v2\/product\/26020","targetHints":{"allow":["GET"]}}],"collection":[{"href":"https:\/\/www.audecarbone.com\/boutique\/wp-json\/wp\/v2\/product"}],"about":[{"href":"https:\/\/www.audecarbone.com\/boutique\/wp-json\/wp\/v2\/types\/product"}],"wp:featuredmedia":[{"embeddable":true,"href":"https:\/\/www.audecarbone.com\/boutique\/wp-json\/wp\/v2\/media\/26765"}],"wp:attachment":[{"href":"https:\/\/www.audecarbone.com\/boutique\/wp-json\/wp\/v2\/media?parent=26020"}],"wp:term":[{"taxonomy":"product_brand","embeddable":true,"href":"https:\/\/www.audecarbone.com\/boutique\/wp-json\/wp\/v2\/product_brand?post=26020"},{"taxonomy":"product_cat","embeddable":true,"href":"https:\/\/www.audecarbone.com\/boutique\/wp-json\/wp\/v2\/product_cat?post=26020"},{"taxonomy":"product_tag","embeddable":true,"href":"https:\/\/www.audecarbone.com\/boutique\/wp-json\/wp\/v2\/product_tag?post=26020"}],"curies":[{"name":"wp","href":"https:\/\/api.w.org\/{rel}","templated":true}]}}