{"id":25975,"date":"2022-11-11T22:32:31","date_gmt":"2022-11-11T21:32:31","guid":{"rendered":"https:\/\/www.audecarbone.com\/boutique\/?post_type=product&#038;p=25975"},"modified":"2023-08-11T22:43:54","modified_gmt":"2023-08-11T20:43:54","slug":"radio-bomb-serigraphie","status":"publish","type":"product","link":"https:\/\/www.audecarbone.com\/boutique\/produit\/radio-bomb-serigraphie\/","title":{"rendered":"Radio Bomb &#8211; s\u00e9rigraphie"},"content":{"rendered":"<p><span style=\"color: #000000;\"><strong>Titre :<\/strong><b> Radio Bomb<br \/>\n<\/b><\/span><\/p>\n<p><span style=\"color: #000000;\"><u>Pr\u00e9sentation :<\/u><\/span><\/p>\n<p><span style=\"color: #808080;\"><em>\u00ab\u00a0Un rayon haut de gamme<\/em><br \/>\n<em>Stimule l\u2019enc\u00e9phale,<\/em><br \/>\n<em>Explose l\u2019\u00e9ther,<\/em><br \/>\n<em>D\u00e9figure l\u2019onde,<\/em><br \/>\n<em>D\u00e9sincarc\u00e8re\u00a0\u00bb<\/em><\/span><\/p>\n<p><span style=\"color: #999999;\"><em>\u00ab\u00a0A high-range ray<\/em><br \/>\n<em>stimulates the brain, <\/em><br \/>\n<em>blows up ether, <\/em><br \/>\n<em>disfigures waves, <\/em><br \/>\n<em>bursts all them down\u00a0\u00bb<\/em><\/span><\/p>\n<p><span style=\"color: #000000;\"><u>Infos techniques :<\/u><\/span><\/p>\n<p><span style=\"color: #808080;\">Affiche s\u00e9rigraphi\u00e9e blanc + d\u00e9grad\u00e9 fluo, 50x70cm,<br \/>\nsur papier Fedrigoni Sirio Black 290gr<br \/>\n30 exemplaires sign\u00e9s et num\u00e9rot\u00e9s,<br \/>\n\u2013 15 exemplaires d\u00e9grad\u00e9 bleu<br \/>\n\u2013 15 exemplaires d\u00e9grad\u00e9 orange<br \/>\n\u00e9dition EpOx et BoTOx, Atelier Metemphase, novembre 2022.<\/span><\/p>\n<p><span style=\"color: #999999;\">Silkscreen printed posters, white + neon gradient, 50x70cm,<br \/>\non paper Fedrigoni Sirio Black 290gr,<br \/>\n30 copies, numbered and signed,<br \/>\n\u2013 15 copies gradient blue<br \/>\n\u2013 15 copies gradient orange<br \/>\nEpOx et BoTOx edition, Metemphase workshop, November 2022.<\/span><\/p>\n","protected":false},"excerpt":{"rendered":"<p><strong><em>\u00ab Un rayon haut de gamme<\/em><\/strong><br \/>\n<strong><em>Stimule l\u2019enc\u00e9phale,<\/em><\/strong><br \/>\n<strong><em>Explose l\u2019\u00e9ther,<\/em><\/strong><br \/>\n<strong><em>D\u00e9figure l\u2019onde,<\/em><\/strong><br \/>\n<strong><em>D\u00e9sincarc\u00e8re\u00a0\u00bb<\/em><\/strong><\/p>\n<p>Affiche s\u00e9rigraphi\u00e9e blanc + d\u00e9grad\u00e9 fluo, 50x70cm,<br \/>\nsur papier Fedrigoni Sirio Black 290gr<br \/>\n30 exemplaires sign\u00e9s et num\u00e9rot\u00e9s,<br \/>\n\u2013 15 exemplaires d\u00e9grad\u00e9 bleu<br \/>\n\u2013 15 exemplaires d\u00e9grad\u00e9 orange<br \/>\n\u00e9dition EpOx et BoTOx, Atelier Metemphase, novembre 2022.<\/p>\n","protected":false},"featured_media":25978,"template":"","meta":[],"product_brand":[],"product_cat":[47,226],"product_tag":[48,38,151,224,172,22,23,24,39,40,41,115,28,42,43,30,243,33,34,44,188,50,242,35,241,197,244,116],"class_list":{"0":"post-25975","1":"product","2":"type-product","3":"status-publish","4":"has-post-thumbnail","6":"product_cat-affiches-posters","7":"product_cat-editions-editions","8":"product_tag-affiche","9":"product_tag-alternatif","10":"product_tag-animal","11":"product_tag-animalrights","12":"product_tag-araignee","13":"product_tag-art","14":"product_tag-artiste","15":"product_tag-artwork","16":"product_tag-audecarbone","17":"product_tag-autoedition","18":"product_tag-bizarre","19":"product_tag-darkart","20":"product_tag-dessin","21":"product_tag-estampe","22":"product_tag-etrange","23":"product_tag-graphisme","24":"product_tag-iguane","25":"product_tag-illustration","26":"product_tag-microedition","27":"product_tag-monstre","28":"product_tag-ossements","29":"product_tag-poster","30":"product_tag-reptile","31":"product_tag-serigraphie","32":"product_tag-spider","33":"product_tag-torture","34":"product_tag-vivarium","35":"product_tag-weirdart","36":"product_shipping_class-affiches","38":"first","39":"outofstock","40":"purchasable","41":"product-type-variable"},"_links":{"self":[{"href":"https:\/\/www.audecarbone.com\/boutique\/wp-json\/wp\/v2\/product\/25975","targetHints":{"allow":["GET"]}}],"collection":[{"href":"https:\/\/www.audecarbone.com\/boutique\/wp-json\/wp\/v2\/product"}],"about":[{"href":"https:\/\/www.audecarbone.com\/boutique\/wp-json\/wp\/v2\/types\/product"}],"wp:featuredmedia":[{"embeddable":true,"href":"https:\/\/www.audecarbone.com\/boutique\/wp-json\/wp\/v2\/media\/25978"}],"wp:attachment":[{"href":"https:\/\/www.audecarbone.com\/boutique\/wp-json\/wp\/v2\/media?parent=25975"}],"wp:term":[{"taxonomy":"product_brand","embeddable":true,"href":"https:\/\/www.audecarbone.com\/boutique\/wp-json\/wp\/v2\/product_brand?post=25975"},{"taxonomy":"product_cat","embeddable":true,"href":"https:\/\/www.audecarbone.com\/boutique\/wp-json\/wp\/v2\/product_cat?post=25975"},{"taxonomy":"product_tag","embeddable":true,"href":"https:\/\/www.audecarbone.com\/boutique\/wp-json\/wp\/v2\/product_tag?post=25975"}],"curies":[{"name":"wp","href":"https:\/\/api.w.org\/{rel}","templated":true}]}}