{"id":22500,"date":"2022-09-20T11:05:47","date_gmt":"2022-09-20T09:05:47","guid":{"rendered":"https:\/\/www.audecarbone.com\/boutique\/?post_type=product&#038;p=22500"},"modified":"2022-12-23T11:29:00","modified_gmt":"2022-12-23T10:29:00","slug":"le-tricot-linogravure","status":"publish","type":"product","link":"https:\/\/www.audecarbone.com\/boutique\/produit\/le-tricot-linogravure\/","title":{"rendered":"Le Tricot &#8211; linogravure"},"content":{"rendered":"<p><strong>Titre :<\/strong> Le Tricot<em><br \/>\n<\/em><strong>Format :<\/strong> 17,5x25cm \/ papier Rosaspina de Fabriano, 220g\/m\u00b2, blanc et ivoire<br \/>\n<strong>Technique :<\/strong> Linogravure &#8211; 19 exemplaires num\u00e9rot\u00e9s et sign\u00e9s &#8211; 2022<\/p>\n<p><em>\u00ab\u00a0Point de croix sur maux de cr\u00e2ne,<\/em><br \/>\n<em>D&rsquo;un air narquois il se tricote.<\/em><br \/>\n<em>Filant sa t\u00eate jusqu&rsquo;\u00e0 la corde,<\/em><br \/>\n<em>Tisse les n\u0153uds de ses visc\u00e8res.\u00a0\u00bb<\/em><\/p>\n<p>+++<\/p>\n<p><em>Envoi suivi \u2013 colis soign\u00e9<br \/>\n<\/em><em>Tracked shipping \u2013 packaged with care<\/em><\/p>\n","protected":false},"excerpt":{"rendered":"<p><strong>Format :<\/strong> 17,5x25cm \/ papier Rosaspina de Fabriano, 220g\/m\u00b2, blanc et ivoire<br \/>\n<strong>Technique :<\/strong> Linogravure &#8211; 19 exemplaires num\u00e9rot\u00e9s et sign\u00e9s &#8211; 2022<\/p>\n<p><em>\u00ab\u00a0Point de croix sur maux de cr\u00e2ne,<\/em><br \/>\n<em>D&rsquo;un air narquois il se tricote.<\/em><br \/>\n<em>Filant sa t\u00eate jusqu&rsquo;\u00e0 la corde,<\/em><br \/>\n<em>Tisse les n\u0153uds de ses visc\u00e8res.\u00a0\u00bb<\/em><\/p>\n","protected":false},"featured_media":22501,"template":"","meta":[],"product_brand":[],"product_cat":[226,137],"product_tag":[22,23,24,39,282,115,249,43,30,279,33,138,283,280,118,281,278,116],"class_list":{"0":"post-22500","1":"product","2":"type-product","3":"status-publish","4":"has-post-thumbnail","6":"product_cat-editions-editions","7":"product_cat-linogravures-linocuts","8":"product_tag-art","9":"product_tag-artiste","10":"product_tag-artwork","11":"product_tag-audecarbone","12":"product_tag-brain","13":"product_tag-darkart","14":"product_tag-erotic","15":"product_tag-etrange","16":"product_tag-graphisme","17":"product_tag-guts","18":"product_tag-illustration","19":"product_tag-linogravure","20":"product_tag-mental","21":"product_tag-psychologie","22":"product_tag-sixyeux","23":"product_tag-tricot","24":"product_tag-viscere","25":"product_tag-weirdart","26":"product_shipping_class-petites-affiches-gravures","28":"first","29":"instock","30":"shipping-taxable","31":"purchasable","32":"product-type-simple"},"_links":{"self":[{"href":"https:\/\/www.audecarbone.com\/boutique\/wp-json\/wp\/v2\/product\/22500","targetHints":{"allow":["GET"]}}],"collection":[{"href":"https:\/\/www.audecarbone.com\/boutique\/wp-json\/wp\/v2\/product"}],"about":[{"href":"https:\/\/www.audecarbone.com\/boutique\/wp-json\/wp\/v2\/types\/product"}],"wp:featuredmedia":[{"embeddable":true,"href":"https:\/\/www.audecarbone.com\/boutique\/wp-json\/wp\/v2\/media\/22501"}],"wp:attachment":[{"href":"https:\/\/www.audecarbone.com\/boutique\/wp-json\/wp\/v2\/media?parent=22500"}],"wp:term":[{"taxonomy":"product_brand","embeddable":true,"href":"https:\/\/www.audecarbone.com\/boutique\/wp-json\/wp\/v2\/product_brand?post=22500"},{"taxonomy":"product_cat","embeddable":true,"href":"https:\/\/www.audecarbone.com\/boutique\/wp-json\/wp\/v2\/product_cat?post=22500"},{"taxonomy":"product_tag","embeddable":true,"href":"https:\/\/www.audecarbone.com\/boutique\/wp-json\/wp\/v2\/product_tag?post=22500"}],"curies":[{"name":"wp","href":"https:\/\/api.w.org\/{rel}","templated":true}]}}