{"id":22471,"date":"2022-09-22T08:56:09","date_gmt":"2022-09-22T06:56:09","guid":{"rendered":"https:\/\/www.audecarbone.com\/boutique\/?post_type=product&#038;p=22471"},"modified":"2022-12-23T11:29:22","modified_gmt":"2022-12-23T10:29:22","slug":"le-baiser-selon-georges-b-linogravure","status":"publish","type":"product","link":"https:\/\/www.audecarbone.com\/boutique\/produit\/le-baiser-selon-georges-b-linogravure\/","title":{"rendered":"Le Baiser selon Georges B. &#8211; linogravure"},"content":{"rendered":"<p><strong>Titre :<\/strong> Le Baiser selon Georges B.<em><br \/>\n<\/em><strong>Format :<\/strong> 17,5x25cm \/ papier Rosaspina de Fabriano, 220g\/m\u00b2, blanc et ivoire<br \/>\n<strong>Technique :<\/strong> Linogravure &#8211; 19 exemplaires num\u00e9rot\u00e9s et sign\u00e9s &#8211; 2022<\/p>\n<p><em>Envoi suivi \u2013 colis soign\u00e9<\/em><\/p>\n<p><em>Tracked shipping \u2013 packaged with care<\/em><\/p>\n","protected":false},"excerpt":{"rendered":"<p><strong>Format :<\/strong> 17,5x25cm \/ papier Rosaspina de Fabriano, 220g\/m\u00b2, blanc et ivoire<br \/>\n<strong>Technique :<\/strong> Linogravure &#8211; 19 exemplaires num\u00e9rot\u00e9s et sign\u00e9s &#8211; 2022<\/p>\n","protected":false},"featured_media":22472,"template":"","meta":[],"product_brand":[],"product_cat":[226,137],"product_tag":[22,23,24,39,273,237,115,249,275,43,274,30,123,33,277,220,138,135,276,77,118,215,116],"class_list":{"0":"post-22471","1":"product","2":"type-product","3":"status-publish","4":"has-post-thumbnail","6":"product_cat-editions-editions","7":"product_cat-linogravures-linocuts","8":"product_tag-art","9":"product_tag-artiste","10":"product_tag-artwork","11":"product_tag-audecarbone","12":"product_tag-baiser","13":"product_tag-bdsm","14":"product_tag-darkart","15":"product_tag-erotic","16":"product_tag-erotisme","17":"product_tag-etrange","18":"product_tag-georgesbataille","19":"product_tag-graphisme","20":"product_tag-humour","21":"product_tag-illustration","22":"product_tag-kiss","23":"product_tag-langue","24":"product_tag-linogravure","25":"product_tag-piercing","26":"product_tag-sensuel","27":"product_tag-sexe","28":"product_tag-sixyeux","29":"product_tag-transgenre","30":"product_tag-weirdart","31":"product_shipping_class-petites-affiches-gravures","33":"first","34":"instock","35":"shipping-taxable","36":"purchasable","37":"product-type-simple"},"_links":{"self":[{"href":"https:\/\/www.audecarbone.com\/boutique\/wp-json\/wp\/v2\/product\/22471","targetHints":{"allow":["GET"]}}],"collection":[{"href":"https:\/\/www.audecarbone.com\/boutique\/wp-json\/wp\/v2\/product"}],"about":[{"href":"https:\/\/www.audecarbone.com\/boutique\/wp-json\/wp\/v2\/types\/product"}],"wp:featuredmedia":[{"embeddable":true,"href":"https:\/\/www.audecarbone.com\/boutique\/wp-json\/wp\/v2\/media\/22472"}],"wp:attachment":[{"href":"https:\/\/www.audecarbone.com\/boutique\/wp-json\/wp\/v2\/media?parent=22471"}],"wp:term":[{"taxonomy":"product_brand","embeddable":true,"href":"https:\/\/www.audecarbone.com\/boutique\/wp-json\/wp\/v2\/product_brand?post=22471"},{"taxonomy":"product_cat","embeddable":true,"href":"https:\/\/www.audecarbone.com\/boutique\/wp-json\/wp\/v2\/product_cat?post=22471"},{"taxonomy":"product_tag","embeddable":true,"href":"https:\/\/www.audecarbone.com\/boutique\/wp-json\/wp\/v2\/product_tag?post=22471"}],"curies":[{"name":"wp","href":"https:\/\/api.w.org\/{rel}","templated":true}]}}