{"id":21544,"date":"2022-11-15T19:40:54","date_gmt":"2022-11-15T18:40:54","guid":{"rendered":"https:\/\/www.audecarbone.com\/boutique\/?post_type=product&#038;p=21544"},"modified":"2024-12-27T17:01:40","modified_gmt":"2024-12-27T16:01:40","slug":"cocktail-serigraphie","status":"publish","type":"product","link":"https:\/\/www.audecarbone.com\/boutique\/produit\/cocktail-serigraphie\/","title":{"rendered":"Cocktail &#8211; s\u00e9rigraphie"},"content":{"rendered":"<p><span style=\"color: #000000;\"><strong>Titre :<\/strong><b> Cocktail<\/b><\/span><\/p>\n<p><span style=\"color: #000000;\"><u>Pr\u00e9sentation :<\/u><\/span><\/p>\n<p><em>\u00ab\u00a0Tant va le c\u0153ur \u00e0 l&rsquo;eau,<br \/>\nqu&rsquo;\u00e0 la fin il se noie.<br \/>\nEt se boit dans le cristal,<br \/>\nverre de l&rsquo;ego.\u00a0\u00bb<\/em><\/p>\n<p><em><span style=\"color: #999999;\">\u00ab\u00a0So much goes heart to water,<br \/>\n<\/span><span style=\"color: #999999;\">that in the end it drowns.<br \/>\nAnd gets drunk in the crystal,<br \/>\nglass of ego.<\/span><span style=\"color: #999999;\">\u00ab\u00a0<\/span><\/em><\/p>\n<p><span style=\"color: #000000;\"><u>Infos techniques :<\/u><\/span><\/p>\n<p><span style=\"color: #808080;\">Affiche s\u00e9rigraphi\u00e9e<strong> 9 couleurs<\/strong>, 50x70cm,<br \/>\nsur papier Fedrigoni Sirio Black 290gr<br \/>\n20 exemplaires estampill\u00e9s, sign\u00e9s et num\u00e9rot\u00e9s,<br \/>\nimprim\u00e9 \u00e0 l&rsquo;Atelier Metemphase, novembre 2022.<\/span><\/p>\n<p><span style=\"color: #999999;\">Silkscreen printed posters, <strong>9 colours<\/strong>, 50x70cm,<br \/>\non paper Fedrigoni Sirio Black 260gr,<br \/>\n20 copies, stamped numbered and signed,<br \/>\nprinted at Metemphase workshop, November 2022.<\/span><\/p>\n","protected":false},"excerpt":{"rendered":"<p><em>\u00ab\u00a0Tant va le c\u0153ur \u00e0 l&rsquo;eau,<br \/>\nqu&rsquo;\u00e0 la fin il se noie.<br \/>\nEt se boit dans le verre,<br \/>\nde cristal de l&rsquo;ego.\u00a0\u00bb<\/em><\/p>\n","protected":false},"featured_media":21551,"template":"","meta":[],"product_brand":[],"product_cat":[47,226],"product_tag":[48,38,22,23,24,39,40,41,269,264,115,28,42,43,30,268,33,34,44,265,193,267,50,35,266,116],"class_list":{"0":"post-21544","1":"product","2":"type-product","3":"status-publish","4":"has-post-thumbnail","6":"product_cat-affiches-posters","7":"product_cat-editions-editions","8":"product_tag-affiche","9":"product_tag-alternatif","10":"product_tag-art","11":"product_tag-artiste","12":"product_tag-artwork","13":"product_tag-audecarbone","14":"product_tag-autoedition","15":"product_tag-bizarre","16":"product_tag-brokenheart","17":"product_tag-cocktail","18":"product_tag-darkart","19":"product_tag-dessin","20":"product_tag-estampe","21":"product_tag-etrange","22":"product_tag-graphisme","23":"product_tag-heart","24":"product_tag-illustration","25":"product_tag-microedition","26":"product_tag-monstre","27":"product_tag-mood","28":"product_tag-organe","29":"product_tag-pattern","30":"product_tag-poster","31":"product_tag-serigraphie","32":"product_tag-symmetry","33":"product_tag-weirdart","34":"product_shipping_class-affiches","36":"first","37":"instock","38":"purchasable","39":"product-type-simple"},"_links":{"self":[{"href":"https:\/\/www.audecarbone.com\/boutique\/wp-json\/wp\/v2\/product\/21544","targetHints":{"allow":["GET"]}}],"collection":[{"href":"https:\/\/www.audecarbone.com\/boutique\/wp-json\/wp\/v2\/product"}],"about":[{"href":"https:\/\/www.audecarbone.com\/boutique\/wp-json\/wp\/v2\/types\/product"}],"wp:featuredmedia":[{"embeddable":true,"href":"https:\/\/www.audecarbone.com\/boutique\/wp-json\/wp\/v2\/media\/21551"}],"wp:attachment":[{"href":"https:\/\/www.audecarbone.com\/boutique\/wp-json\/wp\/v2\/media?parent=21544"}],"wp:term":[{"taxonomy":"product_brand","embeddable":true,"href":"https:\/\/www.audecarbone.com\/boutique\/wp-json\/wp\/v2\/product_brand?post=21544"},{"taxonomy":"product_cat","embeddable":true,"href":"https:\/\/www.audecarbone.com\/boutique\/wp-json\/wp\/v2\/product_cat?post=21544"},{"taxonomy":"product_tag","embeddable":true,"href":"https:\/\/www.audecarbone.com\/boutique\/wp-json\/wp\/v2\/product_tag?post=21544"}],"curies":[{"name":"wp","href":"https:\/\/api.w.org\/{rel}","templated":true}]}}