{"id":19207,"date":"2022-07-27T18:50:05","date_gmt":"2022-07-27T16:50:05","guid":{"rendered":"https:\/\/www.audecarbone.com\/boutique\/?post_type=product&#038;p=19207"},"modified":"2023-08-10T22:43:56","modified_gmt":"2023-08-10T20:43:56","slug":"la-fin-du-monde-serigraphie","status":"publish","type":"product","link":"https:\/\/www.audecarbone.com\/boutique\/produit\/la-fin-du-monde-serigraphie\/","title":{"rendered":"La Fin du Monde &#8211; s\u00e9rigraphie"},"content":{"rendered":"<p><span style=\"color: #000000;\"><strong>Titre :<\/strong><b> Fin du Monde<br \/>\n<\/b><\/span><\/p>\n<p><span style=\"color: #000000;\"><u>Pr\u00e9sentation :<\/u><\/span><\/p>\n<p><em><span style=\"color: #808080;\">Variations colorim\u00e9triques en s\u00e9rigraphies sur une s\u00e9lection de clich\u00e9s&#8230;<br \/>\n&#8230; vol\u00e9s lors de visites sans pr\u00e9avis de d\u00e9dales abandonn\u00e9s.<\/span><\/em><\/p>\n<p><span style=\"color: #000000;\"><u>Infos techniques :<\/u><\/span><\/p>\n<p><span style=\"color: #808080;\">Affiche s\u00e9rigraphi\u00e9e 4 couleurs, 24,5&#215;34,5cm,<br \/>\nsur papier ivoire (Fedrigoni Freelife Vellum 260gr \/ Inapa Cr\u00e9ation Tradition 320gr)<br \/>\n11 exemplaires num\u00e9rot\u00e9s et sign\u00e9s,<br \/>\nAtelier Metemphase, 2022.<\/span><\/p>\n<p><span style=\"color: #999999;\">Silkscreen printed posters, 4 coulours, 24,5&#215;34,5cm,<br \/>\non ivory paper (Fedrigoni Freelife Vellum 260gr \/ Inapa Cr\u00e9ation Tradition 320gr)<br \/>\n11 numbered and signed copies,<br \/>\nMetemphase workshop, 2022.<\/span><\/p>\n<p><em>Envoi suivi \u2013 colis soign\u00e9<br \/>\n<\/em><em>Tracked shipping \u2013 packaged with care<\/em><\/p>\n","protected":false},"excerpt":{"rendered":"<p>Affiche s\u00e9rigraphi\u00e9e 4 couleurs, 24,5&#215;34,5cm,<br \/>\nsur papier ivoire (Fedrigoni Freelife Vellum 260gr \/ Inapa Cr\u00e9ation Tradition 320gr)<br \/>\n11 exemplaires num\u00e9rot\u00e9s et sign\u00e9s,<br \/>\nAtelier Metemphase, 2022.<\/p>\n","protected":false},"featured_media":25909,"template":"","meta":[],"product_brand":[],"product_cat":[47,226],"product_tag":[262,48,38,217,22,23,24,39,40,115,28,42,43,30,256,33,34,255,50,35,263,261,212],"class_list":{"0":"post-19207","1":"product","2":"type-product","3":"status-publish","4":"has-post-thumbnail","6":"product_cat-affiches-posters","7":"product_cat-editions-editions","8":"product_tag-abandonedplaces","9":"product_tag-affiche","10":"product_tag-alternatif","11":"product_tag-apocalypse","12":"product_tag-art","13":"product_tag-artiste","14":"product_tag-artwork","15":"product_tag-audecarbone","16":"product_tag-autoedition","17":"product_tag-darkart","18":"product_tag-dessin","19":"product_tag-estampe","20":"product_tag-etrange","21":"product_tag-graphisme","22":"product_tag-hell","23":"product_tag-illustration","24":"product_tag-microedition","25":"product_tag-obscur","26":"product_tag-poster","27":"product_tag-serigraphie","28":"product_tag-sunset","29":"product_tag-urbandecay","30":"product_tag-urbex","31":"product_shipping_class-affiche-et-gravures-moyennes","33":"first","34":"instock","35":"purchasable","36":"product-type-variable"},"_links":{"self":[{"href":"https:\/\/www.audecarbone.com\/boutique\/wp-json\/wp\/v2\/product\/19207","targetHints":{"allow":["GET"]}}],"collection":[{"href":"https:\/\/www.audecarbone.com\/boutique\/wp-json\/wp\/v2\/product"}],"about":[{"href":"https:\/\/www.audecarbone.com\/boutique\/wp-json\/wp\/v2\/types\/product"}],"wp:featuredmedia":[{"embeddable":true,"href":"https:\/\/www.audecarbone.com\/boutique\/wp-json\/wp\/v2\/media\/25909"}],"wp:attachment":[{"href":"https:\/\/www.audecarbone.com\/boutique\/wp-json\/wp\/v2\/media?parent=19207"}],"wp:term":[{"taxonomy":"product_brand","embeddable":true,"href":"https:\/\/www.audecarbone.com\/boutique\/wp-json\/wp\/v2\/product_brand?post=19207"},{"taxonomy":"product_cat","embeddable":true,"href":"https:\/\/www.audecarbone.com\/boutique\/wp-json\/wp\/v2\/product_cat?post=19207"},{"taxonomy":"product_tag","embeddable":true,"href":"https:\/\/www.audecarbone.com\/boutique\/wp-json\/wp\/v2\/product_tag?post=19207"}],"curies":[{"name":"wp","href":"https:\/\/api.w.org\/{rel}","templated":true}]}}