{"id":15117,"date":"2021-12-26T21:25:58","date_gmt":"2021-12-26T20:25:58","guid":{"rendered":"https:\/\/www.audecarbone.com\/boutique\/?post_type=product&#038;p=15117"},"modified":"2025-06-23T23:40:11","modified_gmt":"2025-06-23T21:40:11","slug":"combat-de-coke-serigraphie","status":"publish","type":"product","link":"https:\/\/www.audecarbone.com\/boutique\/produit\/combat-de-coke-serigraphie\/","title":{"rendered":"Combat de Coke &#8211; s\u00e9rigraphie"},"content":{"rendered":"<p><span style=\"color: #000000;\"><strong>Titre :<\/strong><b> Combat de Coke<br \/>\n<\/b><\/span><\/p>\n<p><span style=\"color: #000000;\"><u>Pr\u00e9sentation :<\/u><\/span><\/p>\n<p><span style=\"color: #808080;\"><em>Ici s\u2019\u00e9charpe une cupidit\u00e9 enrag\u00e9e,<\/em><br \/>\n<em>Liasse de chairs dress\u00e9es pour engraisser<\/em><br \/>\n<em>Le ca\u00efd \u00e0 cran de sa coke \u00e0 chrome.<\/em><br \/>\n<em>Parachute dor\u00e9, \u00e0 crever.<\/em><\/span><\/p>\n<p><span style=\"color: #808080;\"><em>Masse informe en bout de laisses, <\/em><br \/>\n<em>Le liquide coule et excite <\/em><br \/>\n<em>Les membres, qui se dressent<\/em><br \/>\n<em>Et ramassent v\u00e9naux les billets lambeaux.<\/em><\/span><\/p>\n<p><span style=\"color: #808080;\">Au c\u0153ur [br\u00fblant] d&rsquo;une s\u00e9rie de 8 dessins,<br \/>\nqui en accompagnent 8 autres extraits des mains du talentueux Brulex,<br \/>\npour le projet collaboratif ZOOPSIE, ax\u00e9 autour des animaux et de leur exploitation, et paru en d\u00e9cembre 2021.<\/span><\/p>\n<p><span style=\"color: #999999;\"><em>Here is injuring itself an enraged greed,<\/em><br \/>\n<em>Bundle of fleshes trained to fatten<\/em><br \/>\n<em>The kingpin uptight on his on credit coke.<\/em><br \/>\n<em>Golden parachute, to burst.<\/em><\/span><\/p>\n<p><span style=\"color: #999999;\"><em>Shapeless mass on end of leashes,<\/em><br \/>\n<em>Liquid cash flows and excites <\/em><br \/>\n<em>Members, who erect<\/em><br \/>\n<em>And pick up, venal, the shred notes.<\/em><\/span><\/p>\n<p><span style=\"color: #000000;\"><u>Infos techniques :<\/u><\/span><\/p>\n<p><span style=\"color: #808080;\">Affiche s\u00e9rigraphi\u00e9e 3 couleurs, 35x46cm,<br \/>\nsur papier Fedrigoni Freelife Vellum 260gr<br \/>\n25 exemplaires num\u00e9rot\u00e9s et sign\u00e9s,<br \/>\n\u00e9dition EpOx et BoTOx, Atelier Metemphase, d\u00e9cembre 2021.<\/span><\/p>\n<p><span style=\"color: #999999;\">Silkscreen printed posters, 3 coulours, 35x46cm,<br \/>\non Fedrigoni Freelife Vellum 260gr paper,<br \/>\n25 numbered and signed copies,<br \/>\nEpOx et BoTOx edition, Metemphase workshop, December 2021.<\/span><\/p>\n","protected":false},"excerpt":{"rendered":"<p>Affiche s\u00e9rigraphi\u00e9e 3 couleurs, 35x46cm,<br \/>\nsur papier Fedrigoni Freelife Vellum 260gr<br \/>\n25 exemplaires num\u00e9rot\u00e9s et sign\u00e9s,<br \/>\n\u00e9dition EpOx et BoTOx, Atelier Metemphase, d\u00e9cembre 2021.<\/p>\n","protected":false},"featured_media":22509,"template":"","meta":[],"product_brand":[],"product_cat":[47,226],"product_tag":[48,38,151,224,22,23,24,39,40,41,182,115,28,259,146,42,43,30,256,33,258,34,257,44,255,50,35,77,197,159,116],"class_list":{"0":"post-15117","1":"product","2":"type-product","3":"status-publish","4":"has-post-thumbnail","6":"product_cat-affiches-posters","7":"product_cat-editions-editions","8":"product_tag-affiche","9":"product_tag-alternatif","10":"product_tag-animal","11":"product_tag-animalrights","12":"product_tag-art","13":"product_tag-artiste","14":"product_tag-artwork","15":"product_tag-audecarbone","16":"product_tag-autoedition","17":"product_tag-bizarre","18":"product_tag-chien","19":"product_tag-darkart","20":"product_tag-dessin","21":"product_tag-drogue","22":"product_tag-esoterisme","23":"product_tag-estampe","24":"product_tag-etrange","25":"product_tag-graphisme","26":"product_tag-hell","27":"product_tag-illustration","28":"product_tag-meat","29":"product_tag-microedition","30":"product_tag-money","31":"product_tag-monstre","32":"product_tag-obscur","33":"product_tag-poster","34":"product_tag-serigraphie","35":"product_tag-sexe","36":"product_tag-torture","37":"product_tag-violence","38":"product_tag-weirdart","39":"product_shipping_class-affiche-et-gravures-moyennes","41":"first","42":"instock","43":"purchasable","44":"product-type-simple"},"_links":{"self":[{"href":"https:\/\/www.audecarbone.com\/boutique\/wp-json\/wp\/v2\/product\/15117","targetHints":{"allow":["GET"]}}],"collection":[{"href":"https:\/\/www.audecarbone.com\/boutique\/wp-json\/wp\/v2\/product"}],"about":[{"href":"https:\/\/www.audecarbone.com\/boutique\/wp-json\/wp\/v2\/types\/product"}],"wp:featuredmedia":[{"embeddable":true,"href":"https:\/\/www.audecarbone.com\/boutique\/wp-json\/wp\/v2\/media\/22509"}],"wp:attachment":[{"href":"https:\/\/www.audecarbone.com\/boutique\/wp-json\/wp\/v2\/media?parent=15117"}],"wp:term":[{"taxonomy":"product_brand","embeddable":true,"href":"https:\/\/www.audecarbone.com\/boutique\/wp-json\/wp\/v2\/product_brand?post=15117"},{"taxonomy":"product_cat","embeddable":true,"href":"https:\/\/www.audecarbone.com\/boutique\/wp-json\/wp\/v2\/product_cat?post=15117"},{"taxonomy":"product_tag","embeddable":true,"href":"https:\/\/www.audecarbone.com\/boutique\/wp-json\/wp\/v2\/product_tag?post=15117"}],"curies":[{"name":"wp","href":"https:\/\/api.w.org\/{rel}","templated":true}]}}