{"id":15074,"date":"2022-01-01T18:12:27","date_gmt":"2022-01-01T17:12:27","guid":{"rendered":"https:\/\/www.audecarbone.com\/boutique\/?post_type=product&#038;p=15074"},"modified":"2023-08-12T20:00:23","modified_gmt":"2023-08-12T18:00:23","slug":"vivarium-serigraphie","status":"publish","type":"product","link":"https:\/\/www.audecarbone.com\/boutique\/produit\/vivarium-serigraphie\/","title":{"rendered":"Vivarium &#8211; s\u00e9rigraphie"},"content":{"rendered":"<p><span style=\"color: #000000;\"><strong>Titre :<\/strong><b> Vivarium<\/b><\/span><\/p>\n<p><span style=\"color: #000000;\"><u>Pr\u00e9sentation :<\/u><\/span><\/p>\n<p><span style=\"color: #808080;\">\u00ab\u00a0Arachn\u00e9 nourrit sa port\u00e9e hybride, avide,<br \/>\nEt coupe le fil du nerf humain empathique.<br \/>\nL&rsquo;iguane lubrique, d&rsquo;un oeil vengeur et veng\u00e9,<br \/>\nrit aux \u00e9clats de sperme sur une esp\u00e8ce en danger.\u00a0\u00bb<\/span><\/p>\n<p><em><span style=\"color: #808080;\">Au c\u0153ur [br\u00fblant] d&rsquo;une s\u00e9rie de 8 dessins,<br \/>\n<\/span><\/em><em><span style=\"color: #808080;\">qui en accompagnent 8 autres extraits des mains du talentueux Brulex,<br \/>\npour le projet collaboratif ZOOPSIE, ax\u00e9 autour des animaux et de leur exploitation, et paru en d\u00e9cembre 2021.<br \/>\n<\/span><\/em><\/p>\n<p><span style=\"color: #999999;\">\u00ab\u00a0Arachnee feeds its hybrid, greedy litter,<br \/>\nAnd cut off the thread of the empathetic human nerve.<br \/>\nThe lecherous iguana, of an avenger and revenged eye,<br \/>\nLaughs out loud of sperm over an endangered specie.\u00a0\u00bb<\/span><\/p>\n<p><span style=\"color: #000000;\"><u>Infos techniques :<\/u><\/span><\/p>\n<p><span style=\"color: #808080;\">Affiche s\u00e9rigraphi\u00e9e 3 couleurs, 50x70cm,<br \/>\nsur papier Fedrigoni Freelife Vellum 260gr<br \/>\n32 exemplaires sign\u00e9s et num\u00e9rot\u00e9s,<br \/>\n&#8211; 16 exemplaires version bleu + orange<br \/>\n&#8211; 16 exemplaires version kaki + vert<br \/>\n\u00e9dition EpOx et BoTOx, Atelier Metemphase, d\u00e9cembre 2021.<\/span><\/p>\n<p><span style=\"color: #999999;\">Silkscreen printed posters, 3 coulours, 50x70cm,<br \/>\non Fedrigoni Freelife Vellum 260gr paper,<br \/>\n32 copies, numbered and signed,<br \/>\n&#8211; 16 copies blue + orange<br \/>\n&#8211; 16 copies khaki + green<br \/>\nEpOx et BoTOx edition, Metemphase workshop, December 2021.<\/span><\/p>\n","protected":false},"excerpt":{"rendered":"<p><strong>Affiche s\u00e9rigraphi\u00e9e 3 couleurs, 50x70cm,<\/strong><br \/>\nsur papier Fedrigoni Freelife Vellum 260gr<br \/>\n32 exemplaires sign\u00e9s et num\u00e9rot\u00e9s, 2 versions disponibles<\/p>\n<p><em>\u00ab\u00a0Arachn\u00e9 nourrit sa port\u00e9e hybride, avide,<br \/>\nEt coupe le fil du nerf humain empathique.<br \/>\nL&rsquo;iguane lubrique, d&rsquo;un oeil vengeur et veng\u00e9,<br \/>\nrit aux \u00e9clats de sperme sur une esp\u00e8ce en danger.\u00a0\u00bb<\/em><\/p>\n","protected":false},"featured_media":25998,"template":"","meta":[],"product_brand":[],"product_cat":[47,226],"product_tag":[48,38,151,224,172,22,23,24,39,40,41,115,28,42,43,30,243,33,34,44,188,50,242,35,241,197,244,116],"class_list":{"0":"post-15074","1":"product","2":"type-product","3":"status-publish","4":"has-post-thumbnail","6":"product_cat-affiches-posters","7":"product_cat-editions-editions","8":"product_tag-affiche","9":"product_tag-alternatif","10":"product_tag-animal","11":"product_tag-animalrights","12":"product_tag-araignee","13":"product_tag-art","14":"product_tag-artiste","15":"product_tag-artwork","16":"product_tag-audecarbone","17":"product_tag-autoedition","18":"product_tag-bizarre","19":"product_tag-darkart","20":"product_tag-dessin","21":"product_tag-estampe","22":"product_tag-etrange","23":"product_tag-graphisme","24":"product_tag-iguane","25":"product_tag-illustration","26":"product_tag-microedition","27":"product_tag-monstre","28":"product_tag-ossements","29":"product_tag-poster","30":"product_tag-reptile","31":"product_tag-serigraphie","32":"product_tag-spider","33":"product_tag-torture","34":"product_tag-vivarium","35":"product_tag-weirdart","36":"product_shipping_class-affiches","38":"first","39":"outofstock","40":"purchasable","41":"product-type-variable"},"_links":{"self":[{"href":"https:\/\/www.audecarbone.com\/boutique\/wp-json\/wp\/v2\/product\/15074","targetHints":{"allow":["GET"]}}],"collection":[{"href":"https:\/\/www.audecarbone.com\/boutique\/wp-json\/wp\/v2\/product"}],"about":[{"href":"https:\/\/www.audecarbone.com\/boutique\/wp-json\/wp\/v2\/types\/product"}],"wp:featuredmedia":[{"embeddable":true,"href":"https:\/\/www.audecarbone.com\/boutique\/wp-json\/wp\/v2\/media\/25998"}],"wp:attachment":[{"href":"https:\/\/www.audecarbone.com\/boutique\/wp-json\/wp\/v2\/media?parent=15074"}],"wp:term":[{"taxonomy":"product_brand","embeddable":true,"href":"https:\/\/www.audecarbone.com\/boutique\/wp-json\/wp\/v2\/product_brand?post=15074"},{"taxonomy":"product_cat","embeddable":true,"href":"https:\/\/www.audecarbone.com\/boutique\/wp-json\/wp\/v2\/product_cat?post=15074"},{"taxonomy":"product_tag","embeddable":true,"href":"https:\/\/www.audecarbone.com\/boutique\/wp-json\/wp\/v2\/product_tag?post=15074"}],"curies":[{"name":"wp","href":"https:\/\/api.w.org\/{rel}","templated":true}]}}