{"id":12254,"date":"2021-08-12T16:49:36","date_gmt":"2021-08-12T14:49:36","guid":{"rendered":"https:\/\/www.audecarbone.com\/boutique\/?post_type=product&#038;p=12254"},"modified":"2023-08-10T23:21:26","modified_gmt":"2023-08-10T21:21:26","slug":"kalimari-noire-cyanotype","status":"publish","type":"product","link":"https:\/\/www.audecarbone.com\/boutique\/produit\/kalimari-noire-cyanotype\/","title":{"rendered":"KaliMari noire &#8211; Cyanotype"},"content":{"rendered":"<p><strong>Titre :<\/strong> KaliMari<em><br \/>\n<\/em><strong>Format :<\/strong> 20&#215;28,5cm<br \/>\n<strong>Technique :<\/strong> Cyanotype &#8211; 9 exemplaires num\u00e9rot\u00e9s et sign\u00e9s &#8211; 2021<br \/>\n<strong>Papier :<\/strong><br \/>\n#1 &gt; V\u00e9lin cr\u00e8me 280gr<br \/>\n#2 &gt; Canson aquarelle blanc 300gr<br \/>\n#3 &gt; V\u00e9lin cr\u00e8me 280gr<br \/>\n#4 &gt; Canson aquarelle blanc 300gr<br \/>\n#5 &gt; Canson dessin blanc 150gr<br \/>\n#6 &gt; Papier \u00e0 grain cr\u00e8me 220gr<br \/>\n#7 &gt; Papier \u00e0 grain cr\u00e8me 220gr<br \/>\n#8 &gt; Fedrigoni Velum ivoire 260gr<br \/>\n#9 &gt; Fedrigoni Velum ivoire 260gr<\/p>\n<p><em>Envoi suivi \u2013 colis soign\u00e9<br \/>\n<span style=\"color: #ec6c6c;\">De par la technique et le papier, les rendus des tirages sont vari\u00e9s.<br \/>\nLe choix vous est donc laiss\u00e9 quant \u00e0 votre exemplaire.<\/span><br \/>\n<\/em><\/p>\n<p><em>Tracked shipping \u2013 packaged with care<br \/>\n<span style=\"color: #ec6c6c;\">Considering the technique and the paper, the results on one printing to another may differ.<br \/>\nYou&rsquo;re given the choice to pick your own copy.<\/span><br \/>\n<\/em><\/p>\n","protected":false},"excerpt":{"rendered":"<p>Titre : KaliMari Format : 20&#215;28,5cm Technique : Cyanotype &#8211; 9 exemplaires num\u00e9rot\u00e9s et sign\u00e9s &#8211; 2021 Papier : #1 &gt; V\u00e9lin cr\u00e8me 280gr #2 &gt; Canson aquarelle blanc 300gr &#8230;<\/p>\n","protected":false},"featured_media":25898,"template":"","meta":[],"product_brand":[],"product_cat":[228,226],"product_tag":[22,23,24,39,233,115,235,234,42,43,30,232,231,33,229,121,230,116],"class_list":{"0":"post-12254","1":"product","2":"type-product","3":"status-publish","4":"has-post-thumbnail","6":"product_cat-cyanotype","7":"product_cat-editions-editions","8":"product_tag-art","9":"product_tag-artiste","10":"product_tag-artwork","11":"product_tag-audecarbone","12":"product_tag-cyanotype","13":"product_tag-darkart","14":"product_tag-diy","15":"product_tag-editionlimitee","16":"product_tag-estampe","17":"product_tag-etrange","18":"product_tag-graphisme","19":"product_tag-icone","20":"product_tag-idole","21":"product_tag-illustration","22":"product_tag-kali","23":"product_tag-religion","24":"product_tag-viergemarie","25":"product_tag-weirdart","26":"product_shipping_class-petites-affiches-gravures","28":"first","29":"outofstock","30":"shipping-taxable","31":"purchasable","32":"product-type-simple"},"_links":{"self":[{"href":"https:\/\/www.audecarbone.com\/boutique\/wp-json\/wp\/v2\/product\/12254","targetHints":{"allow":["GET"]}}],"collection":[{"href":"https:\/\/www.audecarbone.com\/boutique\/wp-json\/wp\/v2\/product"}],"about":[{"href":"https:\/\/www.audecarbone.com\/boutique\/wp-json\/wp\/v2\/types\/product"}],"wp:featuredmedia":[{"embeddable":true,"href":"https:\/\/www.audecarbone.com\/boutique\/wp-json\/wp\/v2\/media\/25898"}],"wp:attachment":[{"href":"https:\/\/www.audecarbone.com\/boutique\/wp-json\/wp\/v2\/media?parent=12254"}],"wp:term":[{"taxonomy":"product_brand","embeddable":true,"href":"https:\/\/www.audecarbone.com\/boutique\/wp-json\/wp\/v2\/product_brand?post=12254"},{"taxonomy":"product_cat","embeddable":true,"href":"https:\/\/www.audecarbone.com\/boutique\/wp-json\/wp\/v2\/product_cat?post=12254"},{"taxonomy":"product_tag","embeddable":true,"href":"https:\/\/www.audecarbone.com\/boutique\/wp-json\/wp\/v2\/product_tag?post=12254"}],"curies":[{"name":"wp","href":"https:\/\/api.w.org\/{rel}","templated":true}]}}